

{"id":91558,"date":"2022-02-23T14:52:57","date_gmt":"2022-02-23T12:52:57","guid":{"rendered":"https:\/\/www.xcelsiorselection.com\/?post_type=product&#038;p=91558"},"modified":"2022-02-23T14:55:10","modified_gmt":"2022-02-23T12:55:10","slug":"caran-dache-849-alexander-girard-pildspalva-zila","status":"publish","type":"product","link":"https:\/\/www.xcelsiorselection.com\/lv\/product\/caran-dache-849-alexander-girard-pildspalva-zila\/","title":{"rendered":"Caran d&#8217;Ache 849 Alexander Girard pildspalva zila"},"content":{"rendered":"<p>Sadarb\u012bb\u0101 ar Vitra, Girard Studio un Caran d\u00b4Ache tika izveidota kolekcija &#8220;849 Alexander Girard&#8221;. Taj\u0101 ietilpst lod\u012b\u0161u pildspalvas ar Aleksandra \u017dir\u0101ra (Alexandre Girard) izstr\u0101d\u0101t\u0101m grafiskaj\u0101m rakstz\u012bm\u0113m, kas izce\u013c klasisk\u0101 rakst\u0101mr\u012bka p\u0101rlaic\u012bgo formu.<\/p>\n<p>\u017dir\u0101rs pats jau no agras jaun\u012bbas vienm\u0113r n\u0113s\u0101ja pildspalvu \u017eaketes iek\u0161kabatas kabat\u0101. Kolekcija ir ar\u012b velt\u012bjums slaven\u0101 dizainera person\u012bbai.<\/p>\n<p>&nbsp;<\/p>\n","protected":false},"excerpt":{"rendered":"<p><img loading=\"lazy\" decoding=\"async\" class=\"alignnone wp-image-19239\" src=\"https:\/\/www.xcelsiorselection.com\/wp-content\/uploads\/2016\/02\/vitra.jpg\" alt=\"\" width=\"150\" height=\"49\" srcset=\"https:\/\/www.xcelsiorselection.com\/wp-content\/uploads\/2016\/02\/vitra.jpg 1045w, https:\/\/www.xcelsiorselection.com\/wp-content\/uploads\/2016\/02\/vitra-600x196.jpg 600w\" sizes=\"(max-width: 150px) 100vw, 150px\" \/><\/p>\n<p>Ra\u017eot\u0101js: Vitra<br \/>\nDizaineris: Alexander Girard, 20316201<br \/>\nMateri\u0101ls: Aluminum<br \/>\nIzm\u0113ri: 13 x 9 cm<\/p>\n","protected":false},"featured_media":91561,"comment_status":"closed","ping_status":"closed","template":"","meta":[],"_links":{"self":[{"href":"https:\/\/www.xcelsiorselection.com\/lv\/wp-json\/wp\/v2\/product\/91558\/"}],"collection":[{"href":"https:\/\/www.xcelsiorselection.com\/lv\/wp-json\/wp\/v2\/product\/"}],"about":[{"href":"https:\/\/www.xcelsiorselection.com\/lv\/wp-json\/wp\/v2\/types\/product\/"}],"replies":[{"embeddable":true,"href":"https:\/\/www.xcelsiorselection.com\/lv\/wp-json\/wp\/v2\/comments\/?post=91558"}],"wp:featuredmedia":[{"embeddable":true,"href":"https:\/\/www.xcelsiorselection.com\/lv\/wp-json\/wp\/v2\/media\/91561\/"}],"wp:attachment":[{"href":"https:\/\/www.xcelsiorselection.com\/lv\/wp-json\/wp\/v2\/media\/?parent=91558"}],"curies":[{"name":"wp","href":"https:\/\/api.w.org\/{rel}","templated":true}]}}