

{"id":91661,"date":"2022-03-10T15:24:20","date_gmt":"2022-03-10T13:24:20","guid":{"rendered":"https:\/\/www.xcelsiorselection.com\/product\/greeting-card-home-medium\/"},"modified":"2022-03-10T15:27:26","modified_gmt":"2022-03-10T13:27:26","slug":"greeting-card-home-medium","status":"publish","type":"product","link":"https:\/\/www.xcelsiorselection.com\/lv\/product\/greeting-card-home-medium\/","title":{"rendered":"Apsveikuma karti\u0146a &#8211; Home medium"},"content":{"rendered":"<div class=\"product-description\">Jauka apsveikuma kart\u012bte, kuras autori ir Aleksandrs \u017dir\u0101rs (Alexander Girard) un \u010c\u0101rlzs un Rejs Eimsi (Charles and Ray Eames), izstr\u0101d\u0101ta Vitra vajadz\u012bb\u0101m.<\/div>\n<form id=\"product_configure_form\" action=\"https:\/\/www.groenenakker.nl\/en\/cart\/add\/200042676\/\" method=\"post\"><\/form>\n","protected":false},"excerpt":{"rendered":"<p><img loading=\"lazy\" decoding=\"async\" class=\"alignnone wp-image-19239\" src=\"https:\/\/www.xcelsiorselection.com\/wp-content\/uploads\/2016\/02\/vitra.jpg\" alt=\"\" width=\"150\" height=\"49\" srcset=\"https:\/\/www.xcelsiorselection.com\/wp-content\/uploads\/2016\/02\/vitra.jpg 1045w, https:\/\/www.xcelsiorselection.com\/wp-content\/uploads\/2016\/02\/vitra-600x196.jpg 600w\" sizes=\"(max-width: 150px) 100vw, 150px\" \/><\/p>\n<p>Ra\u017eot\u0101js: Vitra<br \/>\nDizains: Alexander Girard and Charles and Ray Eames<br \/>\nMateri\u0101ls: pap\u012brs<br \/>\nIzm\u0113ri: 17,5 x 11 cm<\/p>\n","protected":false},"featured_media":91659,"comment_status":"closed","ping_status":"closed","template":"","meta":[],"_links":{"self":[{"href":"https:\/\/www.xcelsiorselection.com\/lv\/wp-json\/wp\/v2\/product\/91661\/"}],"collection":[{"href":"https:\/\/www.xcelsiorselection.com\/lv\/wp-json\/wp\/v2\/product\/"}],"about":[{"href":"https:\/\/www.xcelsiorselection.com\/lv\/wp-json\/wp\/v2\/types\/product\/"}],"replies":[{"embeddable":true,"href":"https:\/\/www.xcelsiorselection.com\/lv\/wp-json\/wp\/v2\/comments\/?post=91661"}],"wp:featuredmedia":[{"embeddable":true,"href":"https:\/\/www.xcelsiorselection.com\/lv\/wp-json\/wp\/v2\/media\/91659\/"}],"wp:attachment":[{"href":"https:\/\/www.xcelsiorselection.com\/lv\/wp-json\/wp\/v2\/media\/?parent=91661"}],"curies":[{"name":"wp","href":"https:\/\/api.w.org\/{rel}","templated":true}]}}