

{"id":91719,"date":"2022-03-10T17:33:27","date_gmt":"2022-03-10T15:33:27","guid":{"rendered":"https:\/\/www.xcelsiorselection.com\/?post_type=product&#038;p=91719"},"modified":"2022-03-10T17:35:39","modified_gmt":"2022-03-10T15:35:39","slug":"cork-family-galdins-taburete-copy","status":"publish","type":"product","link":"https:\/\/www.xcelsiorselection.com\/lv\/product\/cork-family-galdins-taburete-copy\/","title":{"rendered":"Cork family galdi\u0146\u0161\/taburete C"},"content":{"rendered":"<p>Jaspers Morisons ir viens no ietekm\u012bg\u0101kajiem m\u016bsdienu dizaineriem. \u0160\u012b britu dizainera m\u0113beles un izstr\u0101d\u0101jumi ir paz\u012bstami ar \u012bpa\u0161i vienk\u0101r\u0161u dizaina valodu. Dizainera videi draudz\u012bg\u0101 dom\u0101\u0161ana ir \u012bpa\u0161i redzama vi\u0146a izstr\u0101d\u0101jumu materi\u0101lu izv\u0113l\u0113.<\/p>\n<p>Mode\u013ci Cork Family ir pres\u0113ti un izgriezti no p\u0101rstr\u0101d\u0101tiem v\u012bna kor\u0137iem. Cork Family variantus var izmantot univers\u0101li &#8211; k\u0101 tabureti, s\u0101nu vai s\u0101nu galdi\u0146us.<\/p>\n<p>&nbsp;<\/p>\n<p>&nbsp;<\/p>\n","protected":false},"excerpt":{"rendered":"<p><img loading=\"lazy\" decoding=\"async\" src=\"http:\/\/www.xcelsiorselection.com\/wp-content\/uploads\/2016\/02\/vitra.jpg\" alt=\"vitra\" width=\"133\" height=\"43\" \/><\/p>\n<p>Ra\u017eot\u0101js: Vitra<br \/>\nDizains:\u00a0Jasper Morrison<\/p>\n<p>Materi\u0101ls:\u00a0kor\u0137is<br \/>\nIzm\u0113ri:\u00a0 H: 33 cm, D: 31 cm<\/p>\n","protected":false},"featured_media":91721,"comment_status":"closed","ping_status":"closed","template":"","meta":[],"_links":{"self":[{"href":"https:\/\/www.xcelsiorselection.com\/lv\/wp-json\/wp\/v2\/product\/91719\/"}],"collection":[{"href":"https:\/\/www.xcelsiorselection.com\/lv\/wp-json\/wp\/v2\/product\/"}],"about":[{"href":"https:\/\/www.xcelsiorselection.com\/lv\/wp-json\/wp\/v2\/types\/product\/"}],"replies":[{"embeddable":true,"href":"https:\/\/www.xcelsiorselection.com\/lv\/wp-json\/wp\/v2\/comments\/?post=91719"}],"wp:featuredmedia":[{"embeddable":true,"href":"https:\/\/www.xcelsiorselection.com\/lv\/wp-json\/wp\/v2\/media\/91721\/"}],"wp:attachment":[{"href":"https:\/\/www.xcelsiorselection.com\/lv\/wp-json\/wp\/v2\/media\/?parent=91719"}],"curies":[{"name":"wp","href":"https:\/\/api.w.org\/{rel}","templated":true}]}}