

{"id":92481,"date":"2022-08-02T15:12:53","date_gmt":"2022-08-02T13:12:53","guid":{"rendered":"https:\/\/www.xcelsiorselection.com\/?post_type=product&#038;p=92481"},"modified":"2022-08-02T15:21:29","modified_gmt":"2022-08-02T13:21:29","slug":"biomega-bamboo-bicycle","status":"publish","type":"product","link":"https:\/\/www.xcelsiorselection.com\/lv\/product\/biomega-bamboo-bicycle\/","title":{"rendered":"Biomega Bamboo velosip\u0113ds"},"content":{"rendered":"<p>ross lovegrove velosip\u0113ds &#8220;the bamboo&#8221; augo\u0161ais bambuss ir stipr\u0101ks par t\u0113raudu un tam piem\u012bt br\u012bni\u0161\u0137\u012bgi dabisks mirdzums. ross lovegrove ir rad\u012bjis velosip\u0113du, izmantojot bambusu, d\u0101nijas ra\u017eot\u0101jam biomega. velosip\u0113ds tika izstr\u0101d\u0101ts kop\u0101 ar bambusa speci\u0101listu no braz\u012blijas flavio deslandes un izgatavots ar rok\u0101m d\u0101nij\u0101.<\/p>\n","protected":false},"excerpt":{"rendered":"<p><img loading=\"lazy\" decoding=\"async\" class=\"alignnone wp-image-92488\" src=\"https:\/\/www.xcelsiorselection.com\/wp-content\/uploads\/2022\/08\/biomega__87739.original.png\" alt=\"\" width=\"205\" height=\"205\" srcset=\"https:\/\/www.xcelsiorselection.com\/wp-content\/uploads\/2022\/08\/biomega__87739.original.png 500w, https:\/\/www.xcelsiorselection.com\/wp-content\/uploads\/2022\/08\/biomega__87739.original-300x300.png 300w, https:\/\/www.xcelsiorselection.com\/wp-content\/uploads\/2022\/08\/biomega__87739.original-100x100.png 100w\" sizes=\"(max-width: 205px) 100vw, 205px\" \/><\/p>\n","protected":false},"featured_media":92483,"comment_status":"closed","ping_status":"closed","template":"","meta":[],"_links":{"self":[{"href":"https:\/\/www.xcelsiorselection.com\/lv\/wp-json\/wp\/v2\/product\/92481\/"}],"collection":[{"href":"https:\/\/www.xcelsiorselection.com\/lv\/wp-json\/wp\/v2\/product\/"}],"about":[{"href":"https:\/\/www.xcelsiorselection.com\/lv\/wp-json\/wp\/v2\/types\/product\/"}],"replies":[{"embeddable":true,"href":"https:\/\/www.xcelsiorselection.com\/lv\/wp-json\/wp\/v2\/comments\/?post=92481"}],"wp:featuredmedia":[{"embeddable":true,"href":"https:\/\/www.xcelsiorselection.com\/lv\/wp-json\/wp\/v2\/media\/92483\/"}],"wp:attachment":[{"href":"https:\/\/www.xcelsiorselection.com\/lv\/wp-json\/wp\/v2\/media\/?parent=92481"}],"curies":[{"name":"wp","href":"https:\/\/api.w.org\/{rel}","templated":true}]}}