

{"id":92794,"date":"2022-09-16T13:46:29","date_gmt":"2022-09-16T11:46:29","guid":{"rendered":"https:\/\/www.xcelsiorselection.com\/product\/hay-flower-pot-with-saucer\/"},"modified":"2022-09-16T13:49:44","modified_gmt":"2022-09-16T11:49:44","slug":"hay-flower-pot-with-saucer","status":"publish","type":"product","link":"https:\/\/www.xcelsiorselection.com\/lv\/product\/hay-flower-pot-with-saucer\/","title":{"rendered":"HAY &#8211; Pu\u0137upods"},"content":{"rendered":"<p>Flowerpot ir minim\u0101lisma stila pu\u0137u podu s\u0113rija. Tie ir izgatavoti no viegla un iztur\u012bga polikamona, un tiem ir iek\u0161\u0113jais p\u0101rkl\u0101jums papildu aizsardz\u012bbai. Dren\u0101\u017eas caurums apak\u0161\u0101 \u013cauj liekajam \u016bdenim aizpl\u016bst uz apak\u0161tas\u012bti. Piem\u0113roti lieto\u0161anai telp\u0101s un \u0101rpus telp\u0101m, ta\u010du ziemas m\u0113ne\u0161os, kad ir auksti laikapst\u0101k\u013ci, tos nedr\u012bkst izmantot \u0101rpus telp\u0101m.<\/p>\n","protected":false},"excerpt":{"rendered":"<p><img loading=\"lazy\" decoding=\"async\" class=\"wp-image-92791 alignnone\" src=\"https:\/\/www.xcelsiorselection.com\/wp-content\/uploads\/2022\/09\/haay-1173x600.png\" alt=\"\" width=\"123\" height=\"63\" srcset=\"https:\/\/www.xcelsiorselection.com\/wp-content\/uploads\/2022\/09\/haay-1173x600.png 1173w, https:\/\/www.xcelsiorselection.com\/wp-content\/uploads\/2022\/09\/haay-768x393.png 768w, https:\/\/www.xcelsiorselection.com\/wp-content\/uploads\/2022\/09\/haay-600x307.png 600w, https:\/\/www.xcelsiorselection.com\/wp-content\/uploads\/2022\/09\/haay.png 1179w\" sizes=\"(max-width: 123px) 100vw, 123px\" \/><\/p>\n<p>Ra\u017eot\u0101js: HAY<br \/>\nMateri\u0101ls:\u00a0polystone<br \/>\nIzm\u0113rs: \u00d821.5 X H20<\/p>\n","protected":false},"featured_media":92777,"comment_status":"closed","ping_status":"closed","template":"","meta":[],"_links":{"self":[{"href":"https:\/\/www.xcelsiorselection.com\/lv\/wp-json\/wp\/v2\/product\/92794\/"}],"collection":[{"href":"https:\/\/www.xcelsiorselection.com\/lv\/wp-json\/wp\/v2\/product\/"}],"about":[{"href":"https:\/\/www.xcelsiorselection.com\/lv\/wp-json\/wp\/v2\/types\/product\/"}],"replies":[{"embeddable":true,"href":"https:\/\/www.xcelsiorselection.com\/lv\/wp-json\/wp\/v2\/comments\/?post=92794"}],"wp:featuredmedia":[{"embeddable":true,"href":"https:\/\/www.xcelsiorselection.com\/lv\/wp-json\/wp\/v2\/media\/92777\/"}],"wp:attachment":[{"href":"https:\/\/www.xcelsiorselection.com\/lv\/wp-json\/wp\/v2\/media\/?parent=92794"}],"curies":[{"name":"wp","href":"https:\/\/api.w.org\/{rel}","templated":true}]}}