

{"id":92829,"date":"2022-09-16T16:19:41","date_gmt":"2022-09-16T14:19:41","guid":{"rendered":"https:\/\/www.xcelsiorselection.com\/product\/palissade-cone-standing-table\/"},"modified":"2022-09-16T16:23:34","modified_gmt":"2022-09-16T14:23:34","slug":"palissade-cone-standing-table","status":"publish","type":"product","link":"https:\/\/www.xcelsiorselection.com\/lv\/product\/palissade-cone-standing-table\/","title":{"rendered":"Palissade Cone galds"},"content":{"rendered":"<p>Palissade Cone Bistro galds ir jauns papildin\u0101jums Hay&#8217;s Outdoor Palissade kl\u0101stam, un to raksturo konusveida pamatne, kas stabilit\u0101tes labad ir pild\u012bta ar betonu. Neraugoties uz t\u0101 iztur\u012bgaj\u0101m \u012bpa\u0161\u012bb\u0101m, k\u0101ja nemaz neizskat\u0101s smagn\u0113ja. Kombin\u0101cij\u0101 ar pl\u0101no galda virsmu tam ir grafisks izskats, kas ir redzams vis\u0101 Ronana un Ervana Bouroullec projekt\u0113taj\u0101 s\u0113rij\u0101.<\/p>\n","protected":false},"excerpt":{"rendered":"<p><img loading=\"lazy\" decoding=\"async\" class=\"alignnone wp-image-92791\" src=\"https:\/\/www.xcelsiorselection.com\/wp-content\/uploads\/2022\/09\/haay-1173x600.png\" alt=\"\" width=\"112\" height=\"57\" srcset=\"https:\/\/www.xcelsiorselection.com\/wp-content\/uploads\/2022\/09\/haay-1173x600.png 1173w, https:\/\/www.xcelsiorselection.com\/wp-content\/uploads\/2022\/09\/haay-768x393.png 768w, https:\/\/www.xcelsiorselection.com\/wp-content\/uploads\/2022\/09\/haay-600x307.png 600w, https:\/\/www.xcelsiorselection.com\/wp-content\/uploads\/2022\/09\/haay.png 1179w\" sizes=\"(max-width: 112px) 100vw, 112px\" \/><\/p>\n<p>Dizains:\u00a0Ronan and Erwan Bouroullec<\/p>\n<p>Kr\u0101sa: ol\u012bvza\u013ca<br \/>\nMateri\u0101ls: ner\u016bs\u0113jo\u0161ais t\u0113rauds<br \/>\nIzm\u0113ri:\u00a0H: 74 cm, D: 70 cm<\/p>\n","protected":false},"featured_media":92827,"comment_status":"closed","ping_status":"closed","template":"","meta":[],"_links":{"self":[{"href":"https:\/\/www.xcelsiorselection.com\/lv\/wp-json\/wp\/v2\/product\/92829\/"}],"collection":[{"href":"https:\/\/www.xcelsiorselection.com\/lv\/wp-json\/wp\/v2\/product\/"}],"about":[{"href":"https:\/\/www.xcelsiorselection.com\/lv\/wp-json\/wp\/v2\/types\/product\/"}],"replies":[{"embeddable":true,"href":"https:\/\/www.xcelsiorselection.com\/lv\/wp-json\/wp\/v2\/comments\/?post=92829"}],"wp:featuredmedia":[{"embeddable":true,"href":"https:\/\/www.xcelsiorselection.com\/lv\/wp-json\/wp\/v2\/media\/92827\/"}],"wp:attachment":[{"href":"https:\/\/www.xcelsiorselection.com\/lv\/wp-json\/wp\/v2\/media\/?parent=92829"}],"curies":[{"name":"wp","href":"https:\/\/api.w.org\/{rel}","templated":true}]}}