

{"id":92852,"date":"2022-09-19T11:57:29","date_gmt":"2022-09-19T09:57:29","guid":{"rendered":"https:\/\/www.xcelsiorselection.com\/product\/palissade-ottoman\/"},"modified":"2022-09-19T11:59:59","modified_gmt":"2022-09-19T09:59:59","slug":"palissade-ottoman","status":"publish","type":"product","link":"https:\/\/www.xcelsiorselection.com\/lv\/product\/palissade-ottoman\/","title":{"rendered":"Palissade k\u0101ju balsts"},"content":{"rendered":"<p>The Ottoman from Hay from the Palissande collection is a comfortable footrest that complements the\u00a0Palissade Lounge Chair High\u00a0perfectly. In combination, you can relax and put your feet up and spend cosy hours in the sunshine in the garden.<\/p>\n","protected":false},"excerpt":{"rendered":"<p><img loading=\"lazy\" decoding=\"async\" class=\"alignnone wp-image-92791\" src=\"https:\/\/www.xcelsiorselection.com\/wp-content\/uploads\/2022\/09\/haay-1173x600.png\" alt=\"\" width=\"110\" height=\"56\" srcset=\"https:\/\/www.xcelsiorselection.com\/wp-content\/uploads\/2022\/09\/haay-1173x600.png 1173w, https:\/\/www.xcelsiorselection.com\/wp-content\/uploads\/2022\/09\/haay-768x393.png 768w, https:\/\/www.xcelsiorselection.com\/wp-content\/uploads\/2022\/09\/haay-600x307.png 600w, https:\/\/www.xcelsiorselection.com\/wp-content\/uploads\/2022\/09\/haay.png 1179w\" sizes=\"(max-width: 110px) 100vw, 110px\" \/><\/p>\n<p>Dizains:\u00a0Ronan and Erwan Bouroullec<\/p>\n<p>Kr\u0101sa: ol\u012bvza\u013c\u0161<br \/>\nMateri\u0101ls: ner\u016bs\u0113jo\u0161ais t\u0113rauds<br \/>\nIzm\u0113ri:\u00a0H: 37 cm, D: 60 cm, L: 65 cm<\/p>\n","protected":false},"featured_media":92850,"comment_status":"closed","ping_status":"closed","template":"","meta":[],"_links":{"self":[{"href":"https:\/\/www.xcelsiorselection.com\/lv\/wp-json\/wp\/v2\/product\/92852\/"}],"collection":[{"href":"https:\/\/www.xcelsiorselection.com\/lv\/wp-json\/wp\/v2\/product\/"}],"about":[{"href":"https:\/\/www.xcelsiorselection.com\/lv\/wp-json\/wp\/v2\/types\/product\/"}],"replies":[{"embeddable":true,"href":"https:\/\/www.xcelsiorselection.com\/lv\/wp-json\/wp\/v2\/comments\/?post=92852"}],"wp:featuredmedia":[{"embeddable":true,"href":"https:\/\/www.xcelsiorselection.com\/lv\/wp-json\/wp\/v2\/media\/92850\/"}],"wp:attachment":[{"href":"https:\/\/www.xcelsiorselection.com\/lv\/wp-json\/wp\/v2\/media\/?parent=92852"}],"curies":[{"name":"wp","href":"https:\/\/api.w.org\/{rel}","templated":true}]}}