

{"id":92862,"date":"2022-09-19T12:07:27","date_gmt":"2022-09-19T10:07:27","guid":{"rendered":"https:\/\/www.xcelsiorselection.com\/product\/moroccan-vase-l\/"},"modified":"2022-09-19T12:09:55","modified_gmt":"2022-09-19T10:09:55","slug":"moroccan-vase-l","status":"publish","type":"product","link":"https:\/\/www.xcelsiorselection.com\/lv\/product\/moroccan-vase-l\/","title":{"rendered":"Moroccan v\u0101ze L"},"content":{"rendered":"<p>Hay marok\u0101\u0146u v\u0101ze ir vienk\u0101r\u0161s veids, k\u0101 ienest mazliet kr\u0101sas \u010detr\u0101s sien\u0101s. V\u0101ze ir izgatavota no p\u0101rstr\u0101d\u0101ta stikla, un t\u0101 ir p\u016bsta Marok\u0101.<\/p>\n","protected":false},"excerpt":{"rendered":"<p><img loading=\"lazy\" decoding=\"async\" class=\"alignnone wp-image-92791\" src=\"https:\/\/www.xcelsiorselection.com\/wp-content\/uploads\/2022\/09\/haay-1173x600.png\" alt=\"\" width=\"111\" height=\"57\" srcset=\"https:\/\/www.xcelsiorselection.com\/wp-content\/uploads\/2022\/09\/haay-1173x600.png 1173w, https:\/\/www.xcelsiorselection.com\/wp-content\/uploads\/2022\/09\/haay-768x393.png 768w, https:\/\/www.xcelsiorselection.com\/wp-content\/uploads\/2022\/09\/haay-600x307.png 600w, https:\/\/www.xcelsiorselection.com\/wp-content\/uploads\/2022\/09\/haay.png 1179w\" sizes=\"(max-width: 111px) 100vw, 111px\" \/><\/p>\n<p>kr\u0101sa: zila<\/p>\n<p>materi\u0101ls: stikls<\/p>\n<p>izm\u0113ri:\u00a0H: 29 cm, D: 14 cm<\/p>\n","protected":false},"featured_media":92855,"comment_status":"closed","ping_status":"closed","template":"","meta":[],"_links":{"self":[{"href":"https:\/\/www.xcelsiorselection.com\/lv\/wp-json\/wp\/v2\/product\/92862\/"}],"collection":[{"href":"https:\/\/www.xcelsiorselection.com\/lv\/wp-json\/wp\/v2\/product\/"}],"about":[{"href":"https:\/\/www.xcelsiorselection.com\/lv\/wp-json\/wp\/v2\/types\/product\/"}],"replies":[{"embeddable":true,"href":"https:\/\/www.xcelsiorselection.com\/lv\/wp-json\/wp\/v2\/comments\/?post=92862"}],"wp:featuredmedia":[{"embeddable":true,"href":"https:\/\/www.xcelsiorselection.com\/lv\/wp-json\/wp\/v2\/media\/92855\/"}],"wp:attachment":[{"href":"https:\/\/www.xcelsiorselection.com\/lv\/wp-json\/wp\/v2\/media\/?parent=92862"}],"curies":[{"name":"wp","href":"https:\/\/api.w.org\/{rel}","templated":true}]}}