

{"id":92874,"date":"2022-09-19T12:43:42","date_gmt":"2022-09-19T10:43:42","guid":{"rendered":"https:\/\/www.xcelsiorselection.com\/product\/formakami-pendant-lamp-jh3\/"},"modified":"2022-09-19T12:46:54","modified_gmt":"2022-09-19T10:46:54","slug":"formakami-pendant-lamp-jh3","status":"publish","type":"product","link":"https:\/\/www.xcelsiorselection.com\/lv\/product\/formakami-pendant-lamp-jh3\/","title":{"rendered":"Formakami lampa JH3"},"content":{"rendered":"<p>Formakami piekaramais gaismeklis JH3 no &amp; Tradition jau no pirm\u0101 acu uzmetiena atg\u0101dina tradicion\u0101lo \u0100zijas laternu, ko liel\u0101koties izmanto sv\u0113tkos vai dekor\u0113\u0161anai. Ar \u012bpa\u0161iem koka akcentiem sp\u0101\u0146u dizainers Jaime Hayon pie\u0161\u0137ir lamp\u0101m skandin\u0101visku \u0161armu, ko var da\u017e\u0101di kombin\u0113t dz\u012bvojam\u0101 zon\u0101.<\/p>\n","protected":false},"excerpt":{"rendered":"<p><img loading=\"lazy\" decoding=\"async\" class=\"alignnone wp-image-92871\" src=\"https:\/\/www.xcelsiorselection.com\/wp-content\/uploads\/2022\/09\/design-uden-navn-2-410586.png\" alt=\"\" width=\"168\" height=\"67\" \/><\/p>\n<p>Ra\u017eot\u0101js: &amp;Tradition<\/p>\n<p>Dizains: Jamie Hayon<br \/>\nMateri\u0101li: pap\u012brs, ozols, auduma kabelis<br \/>\nIzm\u0113ri: H: 65 cm, D: 45 cm<\/p>\n","protected":false},"featured_media":92866,"comment_status":"closed","ping_status":"closed","template":"","meta":[],"_links":{"self":[{"href":"https:\/\/www.xcelsiorselection.com\/lv\/wp-json\/wp\/v2\/product\/92874\/"}],"collection":[{"href":"https:\/\/www.xcelsiorselection.com\/lv\/wp-json\/wp\/v2\/product\/"}],"about":[{"href":"https:\/\/www.xcelsiorselection.com\/lv\/wp-json\/wp\/v2\/types\/product\/"}],"replies":[{"embeddable":true,"href":"https:\/\/www.xcelsiorselection.com\/lv\/wp-json\/wp\/v2\/comments\/?post=92874"}],"wp:featuredmedia":[{"embeddable":true,"href":"https:\/\/www.xcelsiorselection.com\/lv\/wp-json\/wp\/v2\/media\/92866\/"}],"wp:attachment":[{"href":"https:\/\/www.xcelsiorselection.com\/lv\/wp-json\/wp\/v2\/media\/?parent=92874"}],"curies":[{"name":"wp","href":"https:\/\/api.w.org\/{rel}","templated":true}]}}