

{"id":92892,"date":"2022-09-19T12:59:59","date_gmt":"2022-09-19T10:59:59","guid":{"rendered":"https:\/\/www.xcelsiorselection.com\/product\/formakami-pendant-lamp-jh5\/"},"modified":"2022-09-19T13:01:29","modified_gmt":"2022-09-19T11:01:29","slug":"formakami-pendant-lamp-jh5","status":"publish","type":"product","link":"https:\/\/www.xcelsiorselection.com\/lv\/product\/formakami-pendant-lamp-jh5\/","title":{"rendered":"Formakami Pendant lampa JH5"},"content":{"rendered":"<p>No pirm\u0101 acu uzmetiena D\u017eeimes Hajona (Jaime Hayon) veidot\u0101 Formakami piekarin\u0101m\u0101 lampa JH5 atg\u0101dina tradicion\u0101l\u0101s \u0100zijas r\u012bspap\u012bra laternas, ko galvenok\u0101rt izmanto lielos sv\u0113tkos. T\u0101pat k\u0101 t\u0101s paraugs no T\u0101lajiem Austrumiem, ar\u012b piekaram\u0101 lampa JH5 ir izgatavota no zilo\u0146kaula kr\u0101sas r\u012bspap\u012bra, kura formu veido melni iekr\u0101soti ozolkoka gredzeni.<\/p>\n","protected":false},"excerpt":{"rendered":"<p><img loading=\"lazy\" decoding=\"async\" class=\"alignnone wp-image-92871\" src=\"https:\/\/www.xcelsiorselection.com\/wp-content\/uploads\/2022\/09\/design-uden-navn-2-410586.png\" alt=\"\" width=\"175\" height=\"70\" \/><\/p>\n<p>Ra\u017eot\u0101js: &amp;Tradition<\/p>\n<p>Dizains: Jamie Hayon<br \/>\nMateri\u0101ls: paper, oak stained, textile cable<br \/>\nIzm\u0113ri: H: 67 cm, D:70 cm<\/p>\n","protected":false},"featured_media":92887,"comment_status":"closed","ping_status":"closed","template":"","meta":[],"_links":{"self":[{"href":"https:\/\/www.xcelsiorselection.com\/lv\/wp-json\/wp\/v2\/product\/92892\/"}],"collection":[{"href":"https:\/\/www.xcelsiorselection.com\/lv\/wp-json\/wp\/v2\/product\/"}],"about":[{"href":"https:\/\/www.xcelsiorselection.com\/lv\/wp-json\/wp\/v2\/types\/product\/"}],"replies":[{"embeddable":true,"href":"https:\/\/www.xcelsiorselection.com\/lv\/wp-json\/wp\/v2\/comments\/?post=92892"}],"wp:featuredmedia":[{"embeddable":true,"href":"https:\/\/www.xcelsiorselection.com\/lv\/wp-json\/wp\/v2\/media\/92887\/"}],"wp:attachment":[{"href":"https:\/\/www.xcelsiorselection.com\/lv\/wp-json\/wp\/v2\/media\/?parent=92892"}],"curies":[{"name":"wp","href":"https:\/\/api.w.org\/{rel}","templated":true}]}}