

{"id":92930,"date":"2022-09-19T13:32:30","date_gmt":"2022-09-19T11:32:30","guid":{"rendered":"https:\/\/www.xcelsiorselection.com\/product\/step-folding-ladder\/"},"modified":"2022-09-19T13:35:14","modified_gmt":"2022-09-19T11:35:14","slug":"step-folding-ladder","status":"publish","type":"product","link":"https:\/\/www.xcelsiorselection.com\/lv\/product\/step-folding-ladder\/","title":{"rendered":"Saliekamas Trepes"},"content":{"rendered":"<p>Nomainot spuldz\u012bti, mekl\u0113jot gr\u0101matu gr\u0101matu plaukt\u0101 vai no\u0146emot kafijas dzirnavi\u0146as no aug\u0161\u0113j\u0101 plaukta virtuv\u0113. N\u0113<br \/>\nm\u0101ja nav piln\u012bga bez k\u0101pn\u0113m. Tom\u0113r parasti t\u0101s ir tikai funkcion\u0101li, dr\u016bmi sve\u0161\u0137erme\u0146i cilv\u0113ka dz\u012bves ainav\u0101. Ta\u010du ar Karla Malmvalsa pak\u0101pienu ir pavisam cit\u0101di. T\u0101 ir funkcion\u0101la un dekorat\u012bva, piln\u012bgi neatkar\u012bgs da\u017e\u0101du kr\u0101su objekts. Salok\u0101m\u0101s k\u0101pnes ir tik pievilc\u012bgas, ka p\u0113c lieto\u0161anas t\u0101s var atst\u0101t pie sienas k\u0101 grafisku aksesu\u0101ru.<\/p>\n","protected":false},"excerpt":{"rendered":"<p><img loading=\"lazy\" decoding=\"async\" class=\"alignnone wp-image-91443\" src=\"https:\/\/www.xcelsiorselection.com\/wp-content\/uploads\/2022\/02\/DesignHouseStockholm-Logo_Black-1170x600.jpg\" alt=\"\" width=\"146\" height=\"75\" srcset=\"https:\/\/www.xcelsiorselection.com\/wp-content\/uploads\/2022\/02\/DesignHouseStockholm-Logo_Black-1170x600.jpg 1170w, https:\/\/www.xcelsiorselection.com\/wp-content\/uploads\/2022\/02\/DesignHouseStockholm-Logo_Black-768x394.jpg 768w, https:\/\/www.xcelsiorselection.com\/wp-content\/uploads\/2022\/02\/DesignHouseStockholm-Logo_Black-600x308.jpg 600w, https:\/\/www.xcelsiorselection.com\/wp-content\/uploads\/2022\/02\/DesignHouseStockholm-Logo_Black.jpg 1500w\" sizes=\"(max-width: 146px) 100vw, 146px\" \/><\/p>\n<p>Ra\u017eot\u0101js: Design House Stockholm<br \/>\nMateri\u0101ls: koks<br \/>\nKr\u0101sa: melns, balts, ozolkoka<br \/>\nIzm\u0113ri: 45x79x125cm<\/p>\n","protected":false},"featured_media":92922,"comment_status":"closed","ping_status":"closed","template":"","meta":[],"_links":{"self":[{"href":"https:\/\/www.xcelsiorselection.com\/lv\/wp-json\/wp\/v2\/product\/92930\/"}],"collection":[{"href":"https:\/\/www.xcelsiorselection.com\/lv\/wp-json\/wp\/v2\/product\/"}],"about":[{"href":"https:\/\/www.xcelsiorselection.com\/lv\/wp-json\/wp\/v2\/types\/product\/"}],"replies":[{"embeddable":true,"href":"https:\/\/www.xcelsiorselection.com\/lv\/wp-json\/wp\/v2\/comments\/?post=92930"}],"wp:featuredmedia":[{"embeddable":true,"href":"https:\/\/www.xcelsiorselection.com\/lv\/wp-json\/wp\/v2\/media\/92922\/"}],"wp:attachment":[{"href":"https:\/\/www.xcelsiorselection.com\/lv\/wp-json\/wp\/v2\/media\/?parent=92930"}],"curies":[{"name":"wp","href":"https:\/\/api.w.org\/{rel}","templated":true}]}}