

{"id":93260,"date":"2023-01-24T16:23:54","date_gmt":"2023-01-24T14:23:54","guid":{"rendered":"https:\/\/www.xcelsiorselection.com\/product\/the-furniture-of-charles-and-ray-eames-by-rolf-fehlbaum-hardcover\/"},"modified":"2023-01-24T16:32:49","modified_gmt":"2023-01-24T14:32:49","slug":"the-furniture-of-charles-and-ray-eames-by-rolf-fehlbaum-hardcover","status":"publish","type":"product","link":"https:\/\/www.xcelsiorselection.com\/lv\/product\/the-furniture-of-charles-and-ray-eames-by-rolf-fehlbaum-hardcover\/","title":{"rendered":"Gr\u0101mata The Furniture of Charles and Ray Eames by Rolf Fehlbaum cietie v\u0101ki"},"content":{"rendered":"<p>Amerik\u0101\u0146u dizaineru p\u0101ra \u010c\u0101rlza un Reja Eimsu (Charles and Ray Eames) dai\u013crade ir \u0101rk\u0101rt\u012bgi pla\u0161a un daudzveid\u012bga. Vi\u0146u novatoriskajiem m\u0113be\u013cu dizainparaugiem, kas ir aktu\u0101li gadu desmitiem kop\u0161 to rad\u012b\u0161anas, ir galven\u0101 loma Eimsu dai\u013crad\u0113. P\u0113d\u0113jos 50 gadus Vitra ir vien\u012bgais autoriz\u0113tais Eimsu dizaina ra\u017eot\u0101js Eirop\u0101 un Tuvajos Austrumos, t\u0101p\u0113c, atz\u012bm\u0113jot \u010c\u0101rlza Eimsa 100. dzim\u0161anas dienu, Vitra izdod gr\u0101matu The Furniture of Charles &amp; Ray Eames. Izdevum\u0101, kas sagrup\u0113ts kategorij\u0101s p\u0113c t\u0101diem materi\u0101liem k\u0101 sapl\u0101ksnis, plastmasa, stieple un alum\u012bnijs, detaliz\u0113ti aprakst\u012bti visi Vitra ra\u017eotie Eimsa dizainparaugi. Senatn\u012bgu fotogr\u0101fiju un dokumentu reprodukcijas papildina paskaidrojo\u0161i teksti, kas sniedz padzi\u013cin\u0101tu inform\u0101ciju par m\u0113be\u013cu dizaina v\u0113sturisko izcelsmi un at\u0161\u0137ir\u012bgaj\u0101m konstrukcijas iez\u012bm\u0113m. M\u016bsdienu fotogr\u0101fijas ilustr\u0113 \u0161o priek\u0161metu est\u0113tisko kvalit\u0101ti. Par \u010c\u0101rlza un Reja Eimsu mantojuma akt\u012bvu saglab\u0101\u0161anu risin\u0101ts dialogs starp Vitra priek\u0161s\u0113d\u0113t\u0101ju Rolfu Felbaumu un \u010c\u0101rlza mazd\u0113lu Eimsu Demetriju, kur\u0161 \u0161obr\u012bd ir Eimsu biroja direktors.<\/p>\n","protected":false},"excerpt":{"rendered":"<div id=\"rpi-attribute-book_details-fiona_pages\" class=\"a-section rpi-attribute-content\">\n<div><\/div>\n<div class=\"a-section a-spacing-small a-text-center rpi-attribute-label\">Lapaspu\u0161u daudzums\u00a0 &#8211; 159 lpp<\/div>\n<div class=\"a-section a-spacing-small a-text-center rpi-attribute-label\">Valoda &#8211; Ang\u013cu<\/div>\n<div class=\"a-section a-spacing-small a-text-center rpi-attribute-label\">Izdev\u0113js- Vitra Design Museum<\/div>\n<div class=\"a-section a-spacing-small a-text-center rpi-attribute-label\">Izm\u0113ri &#8211; 27.5 x 1.8 x 24 cm<\/div>\n<\/div>\n<div><\/div>\n","protected":false},"featured_media":93252,"comment_status":"closed","ping_status":"closed","template":"","meta":[],"_links":{"self":[{"href":"https:\/\/www.xcelsiorselection.com\/lv\/wp-json\/wp\/v2\/product\/93260\/"}],"collection":[{"href":"https:\/\/www.xcelsiorselection.com\/lv\/wp-json\/wp\/v2\/product\/"}],"about":[{"href":"https:\/\/www.xcelsiorselection.com\/lv\/wp-json\/wp\/v2\/types\/product\/"}],"replies":[{"embeddable":true,"href":"https:\/\/www.xcelsiorselection.com\/lv\/wp-json\/wp\/v2\/comments\/?post=93260"}],"wp:featuredmedia":[{"embeddable":true,"href":"https:\/\/www.xcelsiorselection.com\/lv\/wp-json\/wp\/v2\/media\/93252\/"}],"wp:attachment":[{"href":"https:\/\/www.xcelsiorselection.com\/lv\/wp-json\/wp\/v2\/media\/?parent=93260"}],"curies":[{"name":"wp","href":"https:\/\/api.w.org\/{rel}","templated":true}]}}