

{"id":93411,"date":"2023-03-10T16:17:20","date_gmt":"2023-03-10T14:17:20","guid":{"rendered":"https:\/\/www.xcelsiorselection.com\/product\/flos-bellhop-led-table-lamp\/"},"modified":"2023-03-10T17:02:00","modified_gmt":"2023-03-10T15:02:00","slug":"flos-bellhop-led-table-lamp","status":"publish","type":"product","link":"https:\/\/www.xcelsiorselection.com\/lv\/product\/flos-bellhop-led-table-lamp\/","title":{"rendered":"Bellhop LED table lamp"},"content":{"rendered":"<p>Flos LED galda lampa Bellhop ir E. Barber &amp; J. Osgerby izstr\u0101d\u0101ts dizains, un t\u0101 s\u0101kotn\u0113ji bija paredz\u0113ta galdu apgaismo\u0161anai Londonas Dizaina muzeja restor\u0101n\u0101, kas tika atv\u0113rts 2016. gad\u0101. Pl\u0101n\u0101 lampa ir izgatavota no polikarbon\u0101ta s\u0113nes form\u0101 ar cilindra pamatni un izliektu aba\u017e\u016bru, kas v\u0113r\u0161 gaismu uz leju, nodro\u0161inot netie\u0161u, neap\u017eilbino\u0161u apgaismojumu.<\/p>\n<p>Lai gaismeklis b\u016btu p\u0113c iesp\u0113jas elast\u012bg\u0101ks, tas ir izstr\u0101d\u0101ts k\u0101 bezvadu un uzl\u0101d\u0113jams, lai to var\u0113tu izmantot vajadz\u012bgaj\u0101 viet\u0101 p\u0113c vajadz\u012bbas &#8211; gan telp\u0101s, gan \u0101r\u0101. \u0160im nol\u016bkam Bellhop ir apr\u012bkots ar uzl\u0101d\u0113jamu akumulatoru, kas nodro\u0161ina maksim\u0101lo darb\u012bbas ilgumu. 24 stundas p\u0113c uzl\u0101des, izmantojot mikro USB. Akumulatora st\u0101vokli jebkur\u0101 laik\u0101 var nolas\u012bt uz displeja zem pamatnes.<\/p>\n","protected":false},"excerpt":{"rendered":"<p><img loading=\"lazy\" decoding=\"async\" src=\"http:\/\/www.xcelsiorselection.com\/wp-content\/uploads\/2014\/05\/Flos.jpg\" alt=\"Flos\" width=\"100\" height=\"41\" \/><\/p>\n<p>Ra\u017eot\u0101js: Flos<br \/>\nDziains: E. Barber &amp; J. Osgerby<br \/>\nMateri\u0101ls:\u00a0Polycarbonate (PC)<\/p>\n","protected":false},"featured_media":93406,"comment_status":"closed","ping_status":"closed","template":"","meta":[],"_links":{"self":[{"href":"https:\/\/www.xcelsiorselection.com\/lv\/wp-json\/wp\/v2\/product\/93411\/"}],"collection":[{"href":"https:\/\/www.xcelsiorselection.com\/lv\/wp-json\/wp\/v2\/product\/"}],"about":[{"href":"https:\/\/www.xcelsiorselection.com\/lv\/wp-json\/wp\/v2\/types\/product\/"}],"replies":[{"embeddable":true,"href":"https:\/\/www.xcelsiorselection.com\/lv\/wp-json\/wp\/v2\/comments\/?post=93411"}],"wp:featuredmedia":[{"embeddable":true,"href":"https:\/\/www.xcelsiorselection.com\/lv\/wp-json\/wp\/v2\/media\/93406\/"}],"wp:attachment":[{"href":"https:\/\/www.xcelsiorselection.com\/lv\/wp-json\/wp\/v2\/media\/?parent=93411"}],"curies":[{"name":"wp","href":"https:\/\/api.w.org\/{rel}","templated":true}]}}