

{"id":93440,"date":"2023-03-14T17:37:11","date_gmt":"2023-03-14T15:37:11","guid":{"rendered":"https:\/\/www.xcelsiorselection.com\/?post_type=product&#038;p=93440"},"modified":"2023-08-29T17:14:09","modified_gmt":"2023-08-29T15:14:09","slug":"udensnecaurlaidigs-bluetooth-skalrunis","status":"publish","type":"product","link":"https:\/\/www.xcelsiorselection.com\/lv\/product\/udensnecaurlaidigs-bluetooth-skalrunis\/","title":{"rendered":"Beosound A1"},"content":{"rendered":"<p>Ilg\u0101ks atska\u0146o\u0161anas laiks, piln\u012bga \u016bdensnecaurlaid\u012bba, integr\u0113ts balss asistents un ska\u013crunis. Iepaz\u012bstieties ar uzlaboto izv\u0113li lieliskai ska\u0146ai ce\u013c\u0101. Ar l\u012bdz pat 18 stund\u0101m ilgu atska\u0146o\u0161anas laiku, ir iesp\u0113jams, ka j\u016bs izsmelsieties, pirms Beosound A1 to izdar\u012bs.<\/p>\n","protected":false},"excerpt":{"rendered":"<p><img loading=\"lazy\" decoding=\"async\" class=\"\" src=\"https:\/\/seeklogo.com\/images\/B\/bang-olufsen-logo-8C835BF110-seeklogo.com.png\" alt=\"BANG &amp; OLUFSEN Logo PNG Vector (AI) Free Download\" width=\"119\" height=\"119\" \/><br \/>\nRa\u017eot\u0101js: Bang&amp;Olufsen<br \/>\nMateri\u0101ls: Pearl Blasted Aluminium, waterproof leather<br \/>\nIzm\u0113ri: 133 W x 46 H x 133 D mm<\/p>\n","protected":false},"featured_media":93426,"comment_status":"closed","ping_status":"closed","template":"","meta":[],"_links":{"self":[{"href":"https:\/\/www.xcelsiorselection.com\/lv\/wp-json\/wp\/v2\/product\/93440\/"}],"collection":[{"href":"https:\/\/www.xcelsiorselection.com\/lv\/wp-json\/wp\/v2\/product\/"}],"about":[{"href":"https:\/\/www.xcelsiorselection.com\/lv\/wp-json\/wp\/v2\/types\/product\/"}],"replies":[{"embeddable":true,"href":"https:\/\/www.xcelsiorselection.com\/lv\/wp-json\/wp\/v2\/comments\/?post=93440"}],"wp:featuredmedia":[{"embeddable":true,"href":"https:\/\/www.xcelsiorselection.com\/lv\/wp-json\/wp\/v2\/media\/93426\/"}],"wp:attachment":[{"href":"https:\/\/www.xcelsiorselection.com\/lv\/wp-json\/wp\/v2\/media\/?parent=93440"}],"curies":[{"name":"wp","href":"https:\/\/api.w.org\/{rel}","templated":true}]}}