

{"id":93486,"date":"2023-03-17T13:03:06","date_gmt":"2023-03-17T11:03:06","guid":{"rendered":"https:\/\/www.xcelsiorselection.com\/product\/beolit-20\/"},"modified":"2023-08-29T16:58:40","modified_gmt":"2023-08-29T14:58:40","slug":"beolit-20","status":"publish","type":"product","link":"https:\/\/www.xcelsiorselection.com\/lv\/product\/beolit-20\/","title":{"rendered":"Beolit 20"},"content":{"rendered":"<p>Stil\u012bgs, kompakts, vienk\u0101r\u0161s un portat\u012bvs Bluetooth ska\u013crunis, kas nodro\u0161ina jaudu un skaidru ska\u0146u. Vien\u012bg\u0101 jums \u0101rpus m\u0101j\u0101m nepiecie\u0161am\u0101 m\u016bzikas sist\u0113ma.<br \/>\n\u2013 True360 ar Bang &amp; Olufsen ier\u012bc\u0113m rakstur\u012bgu ska\u0146u<br \/>\n\u2013 Vieda iesp\u0113ju p\u0101rvald\u012bba ar lietojumprogrammu Beoplay<br \/>\n\u2013 Ilgi kalpojo\u0161i augstas kvalit\u0101tes materi\u0101li<br \/>\n\u2013 Atk\u0101rtoti uzl\u0101d\u0113jams akumulators l\u012bdz pat 24 stundas ilgai atska\u0146o\u0161anai<br \/>\n\u2013 \u0100tra un vieda uzl\u0101de ar pievienoto USB-C l\u0101d\u0113t\u0101ju<\/p>\n","protected":false},"excerpt":{"rendered":"<h3 class=\"h5\">Iepakojum\u0101 iek\u013cauts:<\/h3>\n<ul>\n<li>\n<p class=\"\">Beolit 20<\/p>\n<\/li>\n<li>\n<p class=\"\">USB-C to USB-C vads, 1,25m<\/p>\n<\/li>\n<li>\n<p class=\"\">Str\u0101vas spraud\u0146a adapteris<\/p>\n<\/li>\n<li>\n<p class=\"\">Lieto\u0161anas instrukcija<\/p>\n<\/li>\n<\/ul>\n<p>&nbsp;<\/p>\n","protected":false},"featured_media":93478,"comment_status":"closed","ping_status":"closed","template":"","meta":[],"_links":{"self":[{"href":"https:\/\/www.xcelsiorselection.com\/lv\/wp-json\/wp\/v2\/product\/93486\/"}],"collection":[{"href":"https:\/\/www.xcelsiorselection.com\/lv\/wp-json\/wp\/v2\/product\/"}],"about":[{"href":"https:\/\/www.xcelsiorselection.com\/lv\/wp-json\/wp\/v2\/types\/product\/"}],"replies":[{"embeddable":true,"href":"https:\/\/www.xcelsiorselection.com\/lv\/wp-json\/wp\/v2\/comments\/?post=93486"}],"wp:featuredmedia":[{"embeddable":true,"href":"https:\/\/www.xcelsiorselection.com\/lv\/wp-json\/wp\/v2\/media\/93478\/"}],"wp:attachment":[{"href":"https:\/\/www.xcelsiorselection.com\/lv\/wp-json\/wp\/v2\/media\/?parent=93486"}],"curies":[{"name":"wp","href":"https:\/\/api.w.org\/{rel}","templated":true}]}}