

{"id":93505,"date":"2023-03-17T13:31:50","date_gmt":"2023-03-17T11:31:50","guid":{"rendered":"https:\/\/www.xcelsiorselection.com\/product\/beoplay-portal\/"},"modified":"2023-08-29T16:47:32","modified_gmt":"2023-08-29T14:47:32","slug":"beoplay-portal","status":"publish","type":"product","link":"https:\/\/www.xcelsiorselection.com\/lv\/product\/beoplay-portal\/","title":{"rendered":"Beoplay Portal"},"content":{"rendered":"<div class=\"product attribute overview\">\n<div class=\"value\">Xbox. Playstation. PC. Mobilais. Tas viss ir rad\u012bts Beoplay Portal austi\u0146\u0101m. Iepaz\u012bstiet jaunus pla\u0161umus ar uzlabotu trok\u0161\u0146u sl\u0101p\u0113\u0161anu, krist\u0101ldzidru t\u0113rz\u0113\u0161anu un ieskaujo\u0161u telpisko ska\u0146u.<\/div>\n<\/div>\n","protected":false},"excerpt":{"rendered":"<p>Xbox. Playstation. PC. Mobilais. Tas viss ir rad\u012bts Beoplay Portal austi\u0146\u0101m. Iepaz\u012bstiet jaunus pla\u0161umus ar uzlabotu trok\u0161\u0146u sl\u0101p\u0113\u0161anu, krist\u0101ldzidru t\u0113rz\u0113\u0161anu un ieskaujo\u0161u telpisko ska\u0146u.<\/p>\n","protected":false},"featured_media":93512,"comment_status":"closed","ping_status":"closed","template":"","meta":[],"_links":{"self":[{"href":"https:\/\/www.xcelsiorselection.com\/lv\/wp-json\/wp\/v2\/product\/93505\/"}],"collection":[{"href":"https:\/\/www.xcelsiorselection.com\/lv\/wp-json\/wp\/v2\/product\/"}],"about":[{"href":"https:\/\/www.xcelsiorselection.com\/lv\/wp-json\/wp\/v2\/types\/product\/"}],"replies":[{"embeddable":true,"href":"https:\/\/www.xcelsiorselection.com\/lv\/wp-json\/wp\/v2\/comments\/?post=93505"}],"wp:featuredmedia":[{"embeddable":true,"href":"https:\/\/www.xcelsiorselection.com\/lv\/wp-json\/wp\/v2\/media\/93512\/"}],"wp:attachment":[{"href":"https:\/\/www.xcelsiorselection.com\/lv\/wp-json\/wp\/v2\/media\/?parent=93505"}],"curies":[{"name":"wp","href":"https:\/\/api.w.org\/{rel}","templated":true}]}}