

{"id":93535,"date":"2023-03-17T14:00:09","date_gmt":"2023-03-17T12:00:09","guid":{"rendered":"https:\/\/www.xcelsiorselection.com\/product\/beoplay-hx\/"},"modified":"2023-08-29T16:39:20","modified_gmt":"2023-08-29T14:39:20","slug":"beoplay-hx","status":"publish","type":"product","link":"https:\/\/www.xcelsiorselection.com\/lv\/product\/beoplay-hx\/","title":{"rendered":"Beoplay HX"},"content":{"rendered":"<p>Bezvadu, troksni sl\u0101p\u0113jo\u0161as austi\u0146as. Klausieties \u0113rti neatkar\u012bgi no t\u0101, vai piezvan\u0101t, str\u0101d\u0101jat no m\u0101j\u0101m vai velt\u0101t laiku sev.<\/p>\n","protected":false},"excerpt":{"rendered":"<p>Iek\u013cauts iepakojum\u0101:<\/p>\n<p>Beoplay HX austi\u0146as<\/p>\n<p>Auduma somi\u0146a<\/p>\n<p>USB-A to USB-C vads, 1.25 m<\/p>\n<p>3.5 mm audio vads, 1.25 m<\/p>\n<p>Lieto\u0161anas instrukcija<\/p>\n","protected":false},"featured_media":93531,"comment_status":"closed","ping_status":"closed","template":"","meta":[],"_links":{"self":[{"href":"https:\/\/www.xcelsiorselection.com\/lv\/wp-json\/wp\/v2\/product\/93535\/"}],"collection":[{"href":"https:\/\/www.xcelsiorselection.com\/lv\/wp-json\/wp\/v2\/product\/"}],"about":[{"href":"https:\/\/www.xcelsiorselection.com\/lv\/wp-json\/wp\/v2\/types\/product\/"}],"replies":[{"embeddable":true,"href":"https:\/\/www.xcelsiorselection.com\/lv\/wp-json\/wp\/v2\/comments\/?post=93535"}],"wp:featuredmedia":[{"embeddable":true,"href":"https:\/\/www.xcelsiorselection.com\/lv\/wp-json\/wp\/v2\/media\/93531\/"}],"wp:attachment":[{"href":"https:\/\/www.xcelsiorselection.com\/lv\/wp-json\/wp\/v2\/media\/?parent=93535"}],"curies":[{"name":"wp","href":"https:\/\/api.w.org\/{rel}","templated":true}]}}