

{"id":93540,"date":"2023-03-17T15:13:28","date_gmt":"2023-03-17T13:13:28","guid":{"rendered":"https:\/\/www.xcelsiorselection.com\/?post_type=product&#038;p=93540"},"modified":"2023-08-29T16:35:48","modified_gmt":"2023-08-29T14:35:48","slug":"beoplay-h95","status":"publish","type":"product","link":"https:\/\/www.xcelsiorselection.com\/lv\/product\/beoplay-h95\/","title":{"rendered":"Beoplay H95"},"content":{"rendered":"<p>Aizkustino\u0161i, meistar\u012bgi, hipnotiz\u0113jo\u0161i. Apmaldieties sav\u0101 m\u016bzik\u0101 ar regul\u0113jam\u0101m austi\u0146\u0101m ar trok\u0161\u0146u sl\u0101p\u0113\u0161anu, kas no jauna defin\u0113 \u0113rtu un vieglu m\u016bzikas baud\u012b\u0161anu.<\/p>\n","protected":false},"excerpt":{"rendered":"<p>38 stundu baterijas ilgums<\/p>\n<p>Salok\u0101mas<\/p>\n<p>Iek\u013cauts iepakojum\u0101:<\/p>\n<p>Beoplay H95 austi\u0146as<\/p>\n<p>Alum\u012bnija somi\u0146a<\/p>\n<p>USB-A to USB-C vads<\/p>\n<p>3.5 mm audio vads<\/p>\n<p>Lidojumu adapteris<\/p>\n<p>Mikro\u0161\u0137iedras t\u012br\u012b\u0161anas lupati\u0146a<\/p>\n<p>Lieto\u0161anas instrukcija<\/p>\n","protected":false},"featured_media":93554,"comment_status":"closed","ping_status":"closed","template":"","meta":[],"_links":{"self":[{"href":"https:\/\/www.xcelsiorselection.com\/lv\/wp-json\/wp\/v2\/product\/93540\/"}],"collection":[{"href":"https:\/\/www.xcelsiorselection.com\/lv\/wp-json\/wp\/v2\/product\/"}],"about":[{"href":"https:\/\/www.xcelsiorselection.com\/lv\/wp-json\/wp\/v2\/types\/product\/"}],"replies":[{"embeddable":true,"href":"https:\/\/www.xcelsiorselection.com\/lv\/wp-json\/wp\/v2\/comments\/?post=93540"}],"wp:featuredmedia":[{"embeddable":true,"href":"https:\/\/www.xcelsiorselection.com\/lv\/wp-json\/wp\/v2\/media\/93554\/"}],"wp:attachment":[{"href":"https:\/\/www.xcelsiorselection.com\/lv\/wp-json\/wp\/v2\/media\/?parent=93540"}],"curies":[{"name":"wp","href":"https:\/\/api.w.org\/{rel}","templated":true}]}}