

{"id":93640,"date":"2023-05-02T12:50:15","date_gmt":"2023-05-02T10:50:15","guid":{"rendered":"https:\/\/www.xcelsiorselection.com\/?post_type=product&#038;p=93640"},"modified":"2023-12-05T11:01:48","modified_gmt":"2023-12-05T09:01:48","slug":"sip-stikla-salmini-copy","status":"publish","type":"product","link":"https:\/\/www.xcelsiorselection.com\/lv\/product\/sip-stikla-salmini-copy\/","title":{"rendered":"Sip stikla salmi\u0146i"},"content":{"rendered":"<p>Sip by Hay ir no borosilik\u0101ta stikla izgatavotu da\u017e\u0101da garuma atk\u0101rtoti lietojamu salmi\u0146u s\u0113rija karstiem un aukstiem dz\u0113rieniem. Salmi\u0146i ir pieejami da\u017e\u0101d\u0101s kr\u0101s\u0101s, un tie ir komplekt\u0101 pa 6 gabaliem ar praktisku t\u012br\u012b\u0161anas birst\u012bti.Videi draudz\u012bgi un dekorat\u012bvi, tie labi iederas jebkur\u0101 vid\u0113 un k\u013c\u016bst par uzman\u012bbu piesaisto\u0161u elementu uz katra pusdienu galda un katr\u0101 gl\u0101z\u0113.<\/p>\n","protected":false},"excerpt":{"rendered":"<p><img loading=\"lazy\" decoding=\"async\" class=\"alignnone wp-image-92791\" src=\"https:\/\/www.xcelsiorselection.com\/wp-content\/uploads\/2022\/09\/haay-1173x600.png\" alt=\"\" width=\"111\" height=\"57\" srcset=\"https:\/\/www.xcelsiorselection.com\/wp-content\/uploads\/2022\/09\/haay-1173x600.png 1173w, https:\/\/www.xcelsiorselection.com\/wp-content\/uploads\/2022\/09\/haay-768x393.png 768w, https:\/\/www.xcelsiorselection.com\/wp-content\/uploads\/2022\/09\/haay-600x307.png 600w, https:\/\/www.xcelsiorselection.com\/wp-content\/uploads\/2022\/09\/haay.png 1179w\" sizes=\"(max-width: 111px) 100vw, 111px\" \/><\/p>\n<p>Kr\u0101sa: Multicoloured<\/p>\n<p>Materi\u0101ls: borosilik\u0101ta stikls<\/p>\n<p>Izm\u0113ri: H: 19 cm, D: 0.8 cm<\/p>\n","protected":false},"featured_media":93648,"comment_status":"closed","ping_status":"closed","template":"","meta":[],"_links":{"self":[{"href":"https:\/\/www.xcelsiorselection.com\/lv\/wp-json\/wp\/v2\/product\/93640\/"}],"collection":[{"href":"https:\/\/www.xcelsiorselection.com\/lv\/wp-json\/wp\/v2\/product\/"}],"about":[{"href":"https:\/\/www.xcelsiorselection.com\/lv\/wp-json\/wp\/v2\/types\/product\/"}],"replies":[{"embeddable":true,"href":"https:\/\/www.xcelsiorselection.com\/lv\/wp-json\/wp\/v2\/comments\/?post=93640"}],"wp:featuredmedia":[{"embeddable":true,"href":"https:\/\/www.xcelsiorselection.com\/lv\/wp-json\/wp\/v2\/media\/93648\/"}],"wp:attachment":[{"href":"https:\/\/www.xcelsiorselection.com\/lv\/wp-json\/wp\/v2\/media\/?parent=93640"}],"curies":[{"name":"wp","href":"https:\/\/api.w.org\/{rel}","templated":true}]}}