

{"id":94178,"date":"2023-09-05T16:24:41","date_gmt":"2023-09-05T14:24:41","guid":{"rendered":"https:\/\/www.xcelsiorselection.com\/product\/kitchen-book\/"},"modified":"2023-12-05T12:55:26","modified_gmt":"2023-12-05T10:55:26","slug":"kitchen-book","status":"publish","type":"product","link":"https:\/\/www.xcelsiorselection.com\/lv\/product\/kitchen-book\/","title":{"rendered":"Vipp Virtuves gr\u0101mata"},"content":{"rendered":"<p id=\"tw-target-text\" class=\"tw-data-text tw-text-large tw-ta\" dir=\"ltr\" data-placeholder=\"Translation\" data-ved=\"2ahUKEwj97ue2jviCAxX0VPEDHTWECtsQ3ewLegQIBRAQ\"><span class=\"Y2IQFc\" lang=\"lv\">Kop\u0161 2011. gada, kad Vipp iepaz\u012bstin\u0101ja ar savu virtuvi, ir past\u0101v\u012bgi pilnveidoti produktu elementi, ta\u010du pamata dizains paliek nemain\u012bgs.<\/span><\/p>\n<p class=\"tw-data-text tw-text-large tw-ta\" dir=\"ltr\" data-placeholder=\"Translation\" data-ved=\"2ahUKEwj97ue2jviCAxX0VPEDHTWECtsQ3ewLegQIBRAQ\"><span class=\"Y2IQFc\" lang=\"lv\">\u0160aj\u0101 otraj\u0101 izdevum\u0101 \u201cTwenty Homes \u2013 One Kitchen\u201d Vipp ir apkopojis 20 jaunas, iev\u0113rojamas m\u0101jas, kur\u0101s izv\u0113l\u0113ta tie\u0161i Vipp virtuve.\u00a0<\/span><\/p>\n<p class=\"tw-data-text tw-text-large tw-ta\" dir=\"ltr\" data-placeholder=\"Translation\" data-ved=\"2ahUKEwj97ue2jviCAxX0VPEDHTWECtsQ3ewLegQIBRAQ\"><span class=\"Y2IQFc\" lang=\"lv\"><strong>Ieskaties&#8230;<\/strong><\/span><\/p>\n<p class=\"tw-data-text tw-text-large tw-ta\" dir=\"ltr\" data-placeholder=\"Translation\" data-ved=\"2ahUKEwj97ue2jviCAxX0VPEDHTWECtsQ3ewLegQIBRAQ\"><span class=\"Y2IQFc\" lang=\"lv\"> Apliecinot virtuves daudzpus\u012bbu un sp\u0113ju piel\u0101goties da\u017e\u0101da veida arhitekt\u016brai, \u0161is gr\u0101matas \u201cDivdesmit m\u0101jas\u00a0\u2014 viena virtuve\u201d otrais s\u0113jums apmekl\u0113 akmens m\u0101ju Sic\u012blij\u0101, piekrastes m\u0101ju Beir\u016bt\u0101, Teksasie\u0161u ran\u010do, Tj\u016bdoru stila mui\u017eu Monre\u0101l\u0101 un virkni loftu Manheten\u0101. Lai gan m\u0101jas at\u0161\u0137iras p\u0113c arhitekt\u016bras apjoma, izm\u0113ra un est\u0113tikas, t\u0101m ir kopsauc\u0113js virtuves izv\u0113l\u0113.<\/span><\/p>\n","protected":false},"excerpt":{"rendered":"<p><img loading=\"lazy\" decoding=\"async\" src=\"http:\/\/www.xcelsiorselection.com\/wp-content\/uploads\/2018\/05\/vipp21.jpg\" alt=\"vipp2\" width=\"168\" height=\"82\" \/><br \/>\nRa\u017eot\u0101js: Vipp<br \/>\nMateri\u0101ls: pap\u012brs, cietie v\u0101ki<br \/>\nKr\u0101sa: Pel\u0113ka<br \/>\nDimensijas: W x H 22.5 x 28.5 cm<br \/>\nVolume 2:\u00a0316 lappuses<\/p>\n","protected":false},"featured_media":94176,"comment_status":"closed","ping_status":"closed","template":"","meta":[],"_links":{"self":[{"href":"https:\/\/www.xcelsiorselection.com\/lv\/wp-json\/wp\/v2\/product\/94178\/"}],"collection":[{"href":"https:\/\/www.xcelsiorselection.com\/lv\/wp-json\/wp\/v2\/product\/"}],"about":[{"href":"https:\/\/www.xcelsiorselection.com\/lv\/wp-json\/wp\/v2\/types\/product\/"}],"replies":[{"embeddable":true,"href":"https:\/\/www.xcelsiorselection.com\/lv\/wp-json\/wp\/v2\/comments\/?post=94178"}],"wp:featuredmedia":[{"embeddable":true,"href":"https:\/\/www.xcelsiorselection.com\/lv\/wp-json\/wp\/v2\/media\/94176\/"}],"wp:attachment":[{"href":"https:\/\/www.xcelsiorselection.com\/lv\/wp-json\/wp\/v2\/media\/?parent=94178"}],"curies":[{"name":"wp","href":"https:\/\/api.w.org\/{rel}","templated":true}]}}