

{"id":94195,"date":"2023-09-05T17:03:15","date_gmt":"2023-09-05T15:03:15","guid":{"rendered":"https:\/\/www.xcelsiorselection.com\/product\/post-wall-lamp\/"},"modified":"2023-12-05T14:40:04","modified_gmt":"2023-12-05T12:40:04","slug":"post-wall-lamp","status":"publish","type":"product","link":"https:\/\/www.xcelsiorselection.com\/lv\/product\/post-wall-lamp\/","title":{"rendered":"Post sienas gaismeklis"},"content":{"rendered":"<p id=\"tw-target-text\" class=\"tw-data-text tw-text-large tw-ta\" dir=\"ltr\" data-placeholder=\"Translation\" data-ved=\"2ahUKEwiqqf-a-PeCAxUFJRAIHUqcAlQQ3ewLegQIBRAQ\"><span class=\"Y2IQFc\" lang=\"lv\">Gaismeklis ar grafisku raksturu un t\u0101lredz\u012bg\u0101m funkcij\u0101m. Lietot\u0101js to var novietot, regul\u0113t un groz\u012bt atbilsto\u0161i vajadz\u012bbai, uz sienas veidojot rota\u013c\u012bgus kabe\u013ca z\u012bm\u0113jumus.<\/span><\/p>\n","protected":false},"excerpt":{"rendered":"<p><img loading=\"lazy\" decoding=\"async\" class=\"alignnone wp-image-88428\" src=\"https:\/\/www.xcelsiorselection.com\/wp-content\/uploads\/2020\/12\/muuto_logo.png\" alt=\"\" width=\"172\" height=\"33\" \/><\/p>\n<p>Ra\u017eot\u0101js: Muuto<br \/>\nMateri\u0101li: pulverkr\u0101sots t\u0113rauds, silikons, PVC<br \/>\nKr\u0101sa: melna<br \/>\nDimensijas: 9,5 x 5,4 x 9,5, 250 cm cord<\/p>\n<p>Gaismas avots: IP20, integr\u0113ts LED, 6,7W, 330lm, 2700K, dim\u0113jams<\/p>\n","protected":false},"featured_media":94181,"comment_status":"closed","ping_status":"closed","template":"","meta":[],"_links":{"self":[{"href":"https:\/\/www.xcelsiorselection.com\/lv\/wp-json\/wp\/v2\/product\/94195\/"}],"collection":[{"href":"https:\/\/www.xcelsiorselection.com\/lv\/wp-json\/wp\/v2\/product\/"}],"about":[{"href":"https:\/\/www.xcelsiorselection.com\/lv\/wp-json\/wp\/v2\/types\/product\/"}],"replies":[{"embeddable":true,"href":"https:\/\/www.xcelsiorselection.com\/lv\/wp-json\/wp\/v2\/comments\/?post=94195"}],"wp:featuredmedia":[{"embeddable":true,"href":"https:\/\/www.xcelsiorselection.com\/lv\/wp-json\/wp\/v2\/media\/94181\/"}],"wp:attachment":[{"href":"https:\/\/www.xcelsiorselection.com\/lv\/wp-json\/wp\/v2\/media\/?parent=94195"}],"curies":[{"name":"wp","href":"https:\/\/api.w.org\/{rel}","templated":true}]}}