

{"id":94318,"date":"2023-10-26T14:23:10","date_gmt":"2023-10-26T12:23:10","guid":{"rendered":"https:\/\/www.xcelsiorselection.com\/product\/lodge-lounge-chair\/"},"modified":"2023-12-05T14:21:44","modified_gmt":"2023-12-05T12:21:44","slug":"lodge-lounge-chair","status":"publish","type":"product","link":"https:\/\/www.xcelsiorselection.com\/lv\/product\/lodge-lounge-chair\/","title":{"rendered":"Lodge atp\u016btas kr\u0113sls"},"content":{"rendered":"<p id=\"tw-target-text\" class=\"tw-data-text tw-text-large tw-ta\" dir=\"ltr\" data-placeholder=\"Translation\" data-ved=\"2ahUKEwiqqf-a-PeCAxUFJRAIHUqcAlQQ3ewLegQIBRAQ\"><span class=\"Y2IQFc\" lang=\"lv\">Ciet\u0101 un m\u012bkst\u0101, gai\u0161\u0101 un tum\u0161\u0101, organisk\u0101 un \u0123eometrisk\u0101 pretstatu l\u012bdzsvars ir \u0161\u012b kr\u0113sla galvenie elementi.<\/span><\/p>\n<p class=\"tw-data-text tw-text-large tw-ta\" dir=\"ltr\" data-placeholder=\"Translation\" data-ved=\"2ahUKEwiqqf-a-PeCAxUFJRAIHUqcAlQQ3ewLegQIBRAQ\"><span class=\"Y2IQFc\" lang=\"lv\"> M\u012bksta tekstila, \u0101das un r\u016bp\u012bgi veidotu koka balstu apvienojums pie\u0161\u0137ir Vipp kolekcijai jaunu elpu. \u0112rti polster\u0113tais apvalks ir veidots t\u0101, lai ap\u0146emtu \u0137ermeni k\u0101 cimds, savuk\u0101rt augst\u0101 atzveltne ir elast\u012bga, kas padara to ide\u0101li piem\u0113rotu ilgsto\u0161ai s\u0113d\u0113\u0161anai vai pat \u0101trai snaudai. Vipp Lodge atp\u016btas kr\u0113sls lieliski ieder\u0113sies viesistab\u0101 vai atp\u016btas zon\u0101.<\/span><\/p>\n","protected":false},"excerpt":{"rendered":"<p><img loading=\"lazy\" decoding=\"async\" src=\"http:\/\/www.xcelsiorselection.com\/wp-content\/uploads\/2018\/05\/vipp21.jpg\" alt=\"vipp2\" width=\"168\" height=\"82\" \/><\/p>\n<p>Ra\u017eot\u0101js: Vipp<br \/>\nMateri\u0101li: Met\u0101ls, polster\u0113jums, lakots ozols, tekstils &#8211; Curly (100% aitas vilna)<br \/>\nKr\u0101sa: Off-white<\/p>\n<p>Dimensijas:\u00a0W x L x H: 90 x 68 x 91.5 cm<\/p>\n","protected":false},"featured_media":94395,"comment_status":"closed","ping_status":"closed","template":"","meta":[],"_links":{"self":[{"href":"https:\/\/www.xcelsiorselection.com\/lv\/wp-json\/wp\/v2\/product\/94318\/"}],"collection":[{"href":"https:\/\/www.xcelsiorselection.com\/lv\/wp-json\/wp\/v2\/product\/"}],"about":[{"href":"https:\/\/www.xcelsiorselection.com\/lv\/wp-json\/wp\/v2\/types\/product\/"}],"replies":[{"embeddable":true,"href":"https:\/\/www.xcelsiorselection.com\/lv\/wp-json\/wp\/v2\/comments\/?post=94318"}],"wp:featuredmedia":[{"embeddable":true,"href":"https:\/\/www.xcelsiorselection.com\/lv\/wp-json\/wp\/v2\/media\/94395\/"}],"wp:attachment":[{"href":"https:\/\/www.xcelsiorselection.com\/lv\/wp-json\/wp\/v2\/media\/?parent=94318"}],"curies":[{"name":"wp","href":"https:\/\/api.w.org\/{rel}","templated":true}]}}