

{"id":94420,"date":"2023-12-04T18:11:48","date_gmt":"2023-12-04T16:11:48","guid":{"rendered":"https:\/\/www.xcelsiorselection.com\/product\/lodge-neck-rest\/"},"modified":"2023-12-05T14:47:45","modified_gmt":"2023-12-05T12:47:45","slug":"lodge-neck-rest","status":"publish","type":"product","link":"https:\/\/www.xcelsiorselection.com\/lv\/product\/lodge-neck-rest\/","title":{"rendered":"Lodge galvas balsts"},"content":{"rendered":"<p id=\"tw-target-text\" class=\"tw-data-text tw-text-large tw-ta\" dir=\"ltr\" data-placeholder=\"Translation\" data-ved=\"2ahUKEwiqqf-a-PeCAxUFJRAIHUqcAlQQ3ewLegQIBRAQ\"><span class=\"Y2IQFc\" lang=\"lv\">Lodge galvas balsts ir papildus aksesu\u0101rs Lodge s\u0113rijas atp\u016btas kr\u0113slam. To veido \u0113rti uzliekams un no\u0146emams, m\u012bksts putu spilvens, kas piestiprin\u0101ts pie alum\u012bnija stien\u012b\u0161a.<\/span><\/p>\n","protected":false},"excerpt":{"rendered":"<p><img loading=\"lazy\" decoding=\"async\" src=\"http:\/\/www.xcelsiorselection.com\/wp-content\/uploads\/2018\/05\/vipp21.jpg\" alt=\"vipp2\" width=\"168\" height=\"82\" \/><\/p>\n<p>Ra\u017eot\u0101js: Vipp<br \/>\nMateri\u0101li: High Resilience Foam, leather upholstery. Sanded and anodized aluminium bar.<br \/>\nKr\u0101sa: Dark leather<\/p>\n<p>Dimensijas: H x L: 13 x 40.5 cm<\/p>\n","protected":false},"featured_media":94423,"comment_status":"closed","ping_status":"closed","template":"","meta":[],"_links":{"self":[{"href":"https:\/\/www.xcelsiorselection.com\/lv\/wp-json\/wp\/v2\/product\/94420\/"}],"collection":[{"href":"https:\/\/www.xcelsiorselection.com\/lv\/wp-json\/wp\/v2\/product\/"}],"about":[{"href":"https:\/\/www.xcelsiorselection.com\/lv\/wp-json\/wp\/v2\/types\/product\/"}],"replies":[{"embeddable":true,"href":"https:\/\/www.xcelsiorselection.com\/lv\/wp-json\/wp\/v2\/comments\/?post=94420"}],"wp:featuredmedia":[{"embeddable":true,"href":"https:\/\/www.xcelsiorselection.com\/lv\/wp-json\/wp\/v2\/media\/94423\/"}],"wp:attachment":[{"href":"https:\/\/www.xcelsiorselection.com\/lv\/wp-json\/wp\/v2\/media\/?parent=94420"}],"curies":[{"name":"wp","href":"https:\/\/api.w.org\/{rel}","templated":true}]}}