

{"id":94441,"date":"2023-12-04T18:31:46","date_gmt":"2023-12-04T16:31:46","guid":{"rendered":"https:\/\/www.xcelsiorselection.com\/product\/restore-basket\/"},"modified":"2023-12-05T16:14:36","modified_gmt":"2023-12-05T14:14:36","slug":"restore-basket","status":"publish","type":"product","link":"https:\/\/www.xcelsiorselection.com\/lv\/product\/restore-basket\/","title":{"rendered":"Restore grozs"},"content":{"rendered":"<p id=\"tw-target-text\" class=\"tw-data-text tw-text-large tw-ta\" dir=\"ltr\" data-placeholder=\"Translation\" data-ved=\"2ahUKEwiqqf-a-PeCAxUFJRAIHUqcAlQQ3ewLegQIBRAQ\"><span class=\"Y2IQFc\" lang=\"lv\">Restore grozs paver jaunu perspekt\u012bvu m\u016bsdien\u012bgai mantu uzglab\u0101\u0161anai. Tas izgatavots, izmantojot \u0161\u0137iedras no p\u0101rstr\u0101d\u0101t\u0101m plastmasas pudel\u0113m. Pieejams vair\u0101k\u0101s kr\u0101s\u0101s, un to var izmantot, lai uzglab\u0101tu ap\u0123\u0113rbu, rota\u013clietas un citus priek\u0161metus.<\/span><\/p>\n","protected":false},"excerpt":{"rendered":"<p><img loading=\"lazy\" decoding=\"async\" class=\"alignnone wp-image-88428\" src=\"https:\/\/www.xcelsiorselection.com\/wp-content\/uploads\/2020\/12\/muuto_logo.png\" alt=\"\" width=\"172\" height=\"33\" \/><\/p>\n<p>Ra\u017eot\u0101js: Muuto<br \/>\nMateri\u0101li: Polim\u0113ru filcs (p\u0101rstr\u0101d\u0101ts PET)<br \/>\nKr\u0101sa: Pel\u0113ka<br \/>\nDimensija:\u00a0 35 x 48 x H23 cm<\/p>\n","protected":false},"featured_media":94506,"comment_status":"closed","ping_status":"closed","template":"","meta":[],"_links":{"self":[{"href":"https:\/\/www.xcelsiorselection.com\/lv\/wp-json\/wp\/v2\/product\/94441\/"}],"collection":[{"href":"https:\/\/www.xcelsiorselection.com\/lv\/wp-json\/wp\/v2\/product\/"}],"about":[{"href":"https:\/\/www.xcelsiorselection.com\/lv\/wp-json\/wp\/v2\/types\/product\/"}],"replies":[{"embeddable":true,"href":"https:\/\/www.xcelsiorselection.com\/lv\/wp-json\/wp\/v2\/comments\/?post=94441"}],"wp:featuredmedia":[{"embeddable":true,"href":"https:\/\/www.xcelsiorselection.com\/lv\/wp-json\/wp\/v2\/media\/94506\/"}],"wp:attachment":[{"href":"https:\/\/www.xcelsiorselection.com\/lv\/wp-json\/wp\/v2\/media\/?parent=94441"}],"curies":[{"name":"wp","href":"https:\/\/api.w.org\/{rel}","templated":true}]}}