

{"id":94443,"date":"2023-12-04T17:57:18","date_gmt":"2023-12-04T15:57:18","guid":{"rendered":"https:\/\/www.xcelsiorselection.com\/product\/lodge-footstool\/"},"modified":"2023-12-05T14:31:58","modified_gmt":"2023-12-05T12:31:58","slug":"lodge-footstool","status":"publish","type":"product","link":"https:\/\/www.xcelsiorselection.com\/lv\/product\/lodge-footstool\/","title":{"rendered":"Lodge k\u0101ju balsts"},"content":{"rendered":"<div class=\"row line\">\n<p id=\"tw-target-text\" class=\"tw-data-text tw-text-large tw-ta\" dir=\"ltr\" data-placeholder=\"Translation\" data-ved=\"2ahUKEwiqqf-a-PeCAxUFJRAIHUqcAlQQ3ewLegQIBRAQ\"><span class=\"Y2IQFc\" lang=\"lv\">Br\u012bvi st\u0101vo\u0161s k\u0101ju balsts, kas kalpo k\u0101 papildin\u0101jums Lodge atp\u016btas kr\u0113slam. \u0160im soli\u0146am ir m\u012bksts apvalks un mas\u012bvkoka k\u0101jas.<\/span><\/p>\n<\/div>\n","protected":false},"excerpt":{"rendered":"<p><img loading=\"lazy\" decoding=\"async\" src=\"http:\/\/www.xcelsiorselection.com\/wp-content\/uploads\/2018\/05\/vipp21.jpg\" alt=\"vipp2\" width=\"168\" height=\"82\" \/><\/p>\n<p>Ra\u017eot\u0101js: Vipp<br \/>\nMateri\u0101li: Met\u0101ls, polster\u0113jums, lakots ozols, tekstils &#8211; Curly (100% aitas vilna)<br \/>\nKr\u0101sa: Off-white<\/p>\n<p>Dimensijas: W x L x H: 50 x\u00a060.5 x\u00a043.5 cm<\/p>\n","protected":false},"featured_media":94404,"comment_status":"closed","ping_status":"closed","template":"","meta":[],"_links":{"self":[{"href":"https:\/\/www.xcelsiorselection.com\/lv\/wp-json\/wp\/v2\/product\/94443\/"}],"collection":[{"href":"https:\/\/www.xcelsiorselection.com\/lv\/wp-json\/wp\/v2\/product\/"}],"about":[{"href":"https:\/\/www.xcelsiorselection.com\/lv\/wp-json\/wp\/v2\/types\/product\/"}],"replies":[{"embeddable":true,"href":"https:\/\/www.xcelsiorselection.com\/lv\/wp-json\/wp\/v2\/comments\/?post=94443"}],"wp:featuredmedia":[{"embeddable":true,"href":"https:\/\/www.xcelsiorselection.com\/lv\/wp-json\/wp\/v2\/media\/94404\/"}],"wp:attachment":[{"href":"https:\/\/www.xcelsiorselection.com\/lv\/wp-json\/wp\/v2\/media\/?parent=94443"}],"curies":[{"name":"wp","href":"https:\/\/api.w.org\/{rel}","templated":true}]}}