

{"id":94458,"date":"2023-12-04T18:44:37","date_gmt":"2023-12-04T16:44:37","guid":{"rendered":"https:\/\/www.xcelsiorselection.com\/product\/restore-round-basket\/"},"modified":"2023-12-05T16:19:40","modified_gmt":"2023-12-05T14:19:40","slug":"restore-round-basket","status":"publish","type":"product","link":"https:\/\/www.xcelsiorselection.com\/lv\/product\/restore-round-basket\/","title":{"rendered":"Restore apa\u013cais grozs"},"content":{"rendered":"<p id=\"tw-target-text\" class=\"tw-data-text tw-text-large tw-ta\" dir=\"ltr\" data-placeholder=\"Translation\" data-ved=\"2ahUKEwiqqf-a-PeCAxUFJRAIHUqcAlQQ3ewLegQIBRAQ\"><span class=\"Y2IQFc\" lang=\"lv\">Restore grozs izgatavots no filca, kas darin\u0101ts no p\u0101rstr\u0101d\u0101t\u0101m plastmasas pude\u013cu \u0161\u0137iedr\u0101m. Funkcion\u0101ls un daudzpus\u012bgs uzglab\u0101\u0161anas grozs, ko var izmantot gandr\u012bz jebkuram priek\u0161metam, s\u0101kot no ve\u013cas l\u012bdz seg\u0101m un beidzot ar b\u0113rnu rota\u013cliet\u0101m. Apa\u013cais grozs ir pieejams da\u017e\u0101d\u0101s kr\u0101s\u0101s un var k\u013c\u016bt par savdab\u012bgu papildin\u0101jumu jebkurai m\u0101jas vai profesion\u0101lai telpai.<\/span><\/p>\n","protected":false},"excerpt":{"rendered":"<p><img loading=\"lazy\" decoding=\"async\" class=\"alignnone wp-image-88428\" src=\"https:\/\/www.xcelsiorselection.com\/wp-content\/uploads\/2020\/12\/muuto_logo.png\" alt=\"\" width=\"172\" height=\"33\" \/><\/p>\n<p>Ra\u017eot\u0101js: Muuto<br \/>\nMateri\u0101li:\u00a0PET filcs<br \/>\nKr\u0101sa: zils<br \/>\nDimensijas:\u00a0 23 x 52 cm<\/p>\n","protected":false},"featured_media":94494,"comment_status":"closed","ping_status":"closed","template":"","meta":[],"_links":{"self":[{"href":"https:\/\/www.xcelsiorselection.com\/lv\/wp-json\/wp\/v2\/product\/94458\/"}],"collection":[{"href":"https:\/\/www.xcelsiorselection.com\/lv\/wp-json\/wp\/v2\/product\/"}],"about":[{"href":"https:\/\/www.xcelsiorselection.com\/lv\/wp-json\/wp\/v2\/types\/product\/"}],"replies":[{"embeddable":true,"href":"https:\/\/www.xcelsiorselection.com\/lv\/wp-json\/wp\/v2\/comments\/?post=94458"}],"wp:featuredmedia":[{"embeddable":true,"href":"https:\/\/www.xcelsiorselection.com\/lv\/wp-json\/wp\/v2\/media\/94494\/"}],"wp:attachment":[{"href":"https:\/\/www.xcelsiorselection.com\/lv\/wp-json\/wp\/v2\/media\/?parent=94458"}],"curies":[{"name":"wp","href":"https:\/\/api.w.org\/{rel}","templated":true}]}}