

{"id":94473,"date":"2023-12-04T18:55:47","date_gmt":"2023-12-04T16:55:47","guid":{"rendered":"https:\/\/www.xcelsiorselection.com\/product\/pebble-rug\/"},"modified":"2023-12-05T16:28:50","modified_gmt":"2023-12-05T14:28:50","slug":"pebble-rug","status":"publish","type":"product","link":"https:\/\/www.xcelsiorselection.com\/lv\/product\/pebble-rug\/","title":{"rendered":"Pebble pakl\u0101js"},"content":{"rendered":"<p id=\"tw-target-text\" class=\"tw-data-text tw-text-large tw-ta\" dir=\"ltr\" data-placeholder=\"Translation\" data-ved=\"2ahUKEwiqqf-a-PeCAxUFJRAIHUqcAlQQ3ewLegQIBRAQ\"><span class=\"Y2IQFc\" lang=\"lv\">Pebble pakl\u0101ja dizainu iedvesmoju\u0161i pludmal\u0113 atrodamie o\u013ci. Dizains piem\u0113rots jebkurai m\u0101jai, vestibilam, viesn\u012bcas telpai vai kopstr\u0101des zonai.\u200b<\/span><\/p>\n","protected":false},"excerpt":{"rendered":"<p><img loading=\"lazy\" decoding=\"async\" class=\"alignnone wp-image-88428\" src=\"https:\/\/www.xcelsiorselection.com\/wp-content\/uploads\/2020\/12\/muuto_logo.png\" alt=\"\" width=\"172\" height=\"33\" \/><\/p>\n<p>Ra\u017eot\u0101js: Muuto<br \/>\nMateri\u0101li: 100% Jaunz\u0113landes vilna<br \/>\nKr\u0101sa: gai\u0161i pel\u0113ka<br \/>\nDimensijas:\u00a0 L 240 cm, W 170 cm<\/p>\n","protected":false},"featured_media":94500,"comment_status":"closed","ping_status":"closed","template":"","meta":[],"_links":{"self":[{"href":"https:\/\/www.xcelsiorselection.com\/lv\/wp-json\/wp\/v2\/product\/94473\/"}],"collection":[{"href":"https:\/\/www.xcelsiorselection.com\/lv\/wp-json\/wp\/v2\/product\/"}],"about":[{"href":"https:\/\/www.xcelsiorselection.com\/lv\/wp-json\/wp\/v2\/types\/product\/"}],"replies":[{"embeddable":true,"href":"https:\/\/www.xcelsiorselection.com\/lv\/wp-json\/wp\/v2\/comments\/?post=94473"}],"wp:featuredmedia":[{"embeddable":true,"href":"https:\/\/www.xcelsiorselection.com\/lv\/wp-json\/wp\/v2\/media\/94500\/"}],"wp:attachment":[{"href":"https:\/\/www.xcelsiorselection.com\/lv\/wp-json\/wp\/v2\/media\/?parent=94473"}],"curies":[{"name":"wp","href":"https:\/\/api.w.org\/{rel}","templated":true}]}}