

{"id":94632,"date":"2023-12-27T15:58:36","date_gmt":"2023-12-27T13:58:36","guid":{"rendered":"https:\/\/www.xcelsiorselection.com\/product\/rainforest-amazonia-candle\/"},"modified":"2023-12-28T12:30:29","modified_gmt":"2023-12-28T10:30:29","slug":"rainforest-amazonia-candle","status":"publish","type":"product","link":"https:\/\/www.xcelsiorselection.com\/lv\/product\/rainforest-amazonia-candle\/","title":{"rendered":"Rainforest Amazonia arom\u0101tisk\u0101 svece"},"content":{"rendered":"<p id=\"tw-target-text\" class=\"tw-data-text tw-text-large tw-ta\" dir=\"ltr\" data-placeholder=\"Translation\" data-ved=\"2ahUKEwjO7Mid5K-DAxUQJRAIHeMgDSEQ3ewLegQIBRAQ\"><span class=\"Y2IQFc\" lang=\"lv\">Arom\u0101tisk\u0101 svece Amazonia ir ar rok\u0101m p\u016bsta stikla ietvar\u0101, kuru grezno<\/span><span class=\"Y2IQFc\" lang=\"lv\">\u00a0kr\u0101saina konfeti ilustr\u0101cija. Katrs stikla ietvars ir unik\u0101ls, jo kr\u0101sa tiek iestr\u0101d\u0101ta gl\u0101z\u0113 nejau\u0161i. Amazones lietusme\u017es ir liel\u0101kais me\u017es pasaul\u0113, un t\u0101 plat\u012bba p\u0101rsniedz 7,3 miljonus km2, no kuriem vair\u0101k nek\u0101 puse atrodas Braz\u012blij\u0101. T\u0101s biolo\u0123isk\u0101 daudzveid\u012bba ir unik\u0101la, un t\u0101 ir m\u0101jvieta cilt\u012bm ar da\u017e\u0101diem, aizraujo\u0161iem sen\u010du ritu\u0101liem. <\/span><\/p>\n<p class=\"tw-data-text tw-text-large tw-ta\" dir=\"ltr\" data-placeholder=\"Translation\" data-ved=\"2ahUKEwjO7Mid5K-DAxUQJRAIHeMgDSEQ3ewLegQIBRAQ\"><span class=\"Y2IQFc\" lang=\"lv\">Dom\u0101jot par me\u017ea dinamiskaj\u0101m kr\u0101s\u0101m<\/span><span class=\"Y2IQFc\" lang=\"lv\">, k\u0101du noz\u012bmi t\u0101s nes &#8211;\u00a0 bergamota, za\u013c\u0101s t\u0113jas un ciedras arom\u0101ts ieved\u012bs j\u016bs nosl\u0113pumain\u0101 augu arom\u0101tu rota\u013c\u0101. <\/span><\/p>\n<p class=\"tw-data-text tw-text-large tw-ta\" dir=\"ltr\" data-placeholder=\"Translation\" data-ved=\"2ahUKEwjO7Mid5K-DAxUQJRAIHeMgDSEQ3ewLegQIBRAQ\"><span class=\"Y2IQFc\" lang=\"lv\">Specifik\u0101cija: Max10 \u2013 augstums: 10 cm, svars: 0,5 kg, paredzamais deg\u0161anas laiks: 60h, 4 daktis\u00a0<\/span><\/p>\n<p class=\"tw-data-text tw-text-large tw-ta\" dir=\"ltr\" data-placeholder=\"Translation\" data-ved=\"2ahUKEwjO7Mid5K-DAxUQJRAIHeMgDSEQ3ewLegQIBRAQ\"><span class=\"Y2IQFc\" lang=\"lv\">2002.\u00a0gad\u0101 Tanz\u0101nij\u0101 rad\u012bt\u0101s Baobab Collection sveces un difuzori ir slaveni ar savu izm\u0113ru un dizainu.\u00a0 Sve\u010du dizainu iedvesmoju\u0161as t\u0101las vietas un savva\u013cas daba, kas ir br\u012bni\u0161\u0137\u012bgs elements ikvien\u0101 interjer\u0101. Liel\u0101k\u0101 kolekcijas svece izgaismos j\u016bsu m\u0101ju un izklied\u0113s t\u0101s smar\u017eu l\u012bdz pat 800 stund\u0101m. Visas Baobab kolekcijas sveces ir lietas stikla ietvar\u0101, ko ar rok\u0101m darin\u0101ju\u0161i meistari, padarot katru no svec\u0113m patiesi unik\u0101lu. Katram produktam tiek pievienota melna lente ar z\u012bmola logotipu, pirms t\u0101 tiek iesai\u0146ota elegant\u0101, meln\u0101 kast\u0113.<\/span><\/p>\n","protected":false},"excerpt":{"rendered":"<p><img loading=\"lazy\" decoding=\"async\" class=\"alignnone wp-image-71172\" src=\"https:\/\/www.xcelsiorselection.com\/wp-content\/uploads\/2018\/12\/Baobab-logo-1.jpg\" alt=\"\" width=\"139\" height=\"156\" \/><br \/>\nRa\u017eot\u0101js: Baobab<br \/>\nSmar\u017ea: Bergamot &#8211; Green tea &#8211; Musk<br \/>\nDimensijas: max10<\/p>\n","protected":false},"featured_media":94634,"comment_status":"closed","ping_status":"closed","template":"","meta":[],"_links":{"self":[{"href":"https:\/\/www.xcelsiorselection.com\/lv\/wp-json\/wp\/v2\/product\/94632\/"}],"collection":[{"href":"https:\/\/www.xcelsiorselection.com\/lv\/wp-json\/wp\/v2\/product\/"}],"about":[{"href":"https:\/\/www.xcelsiorselection.com\/lv\/wp-json\/wp\/v2\/types\/product\/"}],"replies":[{"embeddable":true,"href":"https:\/\/www.xcelsiorselection.com\/lv\/wp-json\/wp\/v2\/comments\/?post=94632"}],"wp:featuredmedia":[{"embeddable":true,"href":"https:\/\/www.xcelsiorselection.com\/lv\/wp-json\/wp\/v2\/media\/94634\/"}],"wp:attachment":[{"href":"https:\/\/www.xcelsiorselection.com\/lv\/wp-json\/wp\/v2\/media\/?parent=94632"}],"curies":[{"name":"wp","href":"https:\/\/api.w.org\/{rel}","templated":true}]}}