

{"id":94653,"date":"2023-12-27T16:33:24","date_gmt":"2023-12-27T14:33:24","guid":{"rendered":"https:\/\/www.xcelsiorselection.com\/product\/delta-okavango-candle\/"},"modified":"2023-12-28T12:25:56","modified_gmt":"2023-12-28T10:25:56","slug":"delta-okavango-candle","status":"publish","type":"product","link":"https:\/\/www.xcelsiorselection.com\/lv\/product\/delta-okavango-candle\/","title":{"rendered":"Delta Okavango arom\u0101tisk\u0101 svece"},"content":{"rendered":"<p id=\"tw-target-text\" class=\"tw-data-text tw-text-large tw-ta\" dir=\"ltr\" data-placeholder=\"Translation\" data-ved=\"2ahUKEwjO7Mid5K-DAxUQJRAIHeMgDSEQ3ewLegQIBRAQ\"><span class=\"Y2IQFc\" lang=\"lv\">Okavango svece ir unik\u0101ls priek\u0161mets &#8211; br\u016bn\u0101s, okera un haki za\u013c\u0101s kr\u0101sas veido himerisku ainavu. Kr\u0101su virpu\u013ci uz stikla atg\u0101dina zemes fotogr\u0101fiju, kas redzama no debes\u012bm. Okavango delta ir arom\u0101ts ar bergamotes, absinta un Indon\u0113zijas pa\u010d\u016blijas not\u012bm. <\/span><\/p>\n<p class=\"tw-data-text tw-text-large tw-ta\" dir=\"ltr\" data-placeholder=\"Translation\" data-ved=\"2ahUKEwjO7Mid5K-DAxUQJRAIHeMgDSEQ3ewLegQIBRAQ\"><span class=\"Y2IQFc\" lang=\"lv\">Ma\u0123iska ekosist\u0113ma, kur\u0101 m\u012bt retas sugas, Okavango delta apvieno kontrastu pilnus zemes arom\u0101tus, kr\u0101\u0161\u0146as ainavas notis, kas p\u0101rpludin\u0101tas ar \u016bdeni un aug\u013ciem. Bergamote atkl\u0101j savas citrusaug\u013cu notis, v\u0113rmeles, augus ar za\u013c\u0101m lap\u0101m un z\u0101\u013caugu not\u012bm. Pa\u010d\u016blijas pamatnotis, kas pie\u0161\u0137ir arom\u0101tam siltumu un dz\u012bv\u012bgumu. <\/span><\/p>\n<p class=\"tw-data-text tw-text-large tw-ta\" dir=\"ltr\" data-placeholder=\"Translation\" data-ved=\"2ahUKEwjO7Mid5K-DAxUQJRAIHeMgDSEQ3ewLegQIBRAQ\"><span class=\"Y2IQFc\" lang=\"lv\">Mode\u013ca specifik\u0101cija: Max10 \u2013 augstums: 10 cm svars: 0,5 kg paredzamais deg\u0161anas laiks: 60h, 4 daktis<\/span><\/p>\n","protected":false},"excerpt":{"rendered":"<p><img loading=\"lazy\" decoding=\"async\" class=\"alignnone wp-image-71172\" src=\"https:\/\/www.xcelsiorselection.com\/wp-content\/uploads\/2018\/12\/Baobab-logo-1.jpg\" alt=\"\" width=\"139\" height=\"156\" \/><br \/>\nRa\u017eot\u0101js: Baobab<br \/>\nArom\u0101ts: Bergamot &#8211; Absinthe &#8211; Indonesian Patchouli<br \/>\nDimensijas: max10<\/p>\n","protected":false},"featured_media":94697,"comment_status":"closed","ping_status":"closed","template":"","meta":[],"_links":{"self":[{"href":"https:\/\/www.xcelsiorselection.com\/lv\/wp-json\/wp\/v2\/product\/94653\/"}],"collection":[{"href":"https:\/\/www.xcelsiorselection.com\/lv\/wp-json\/wp\/v2\/product\/"}],"about":[{"href":"https:\/\/www.xcelsiorselection.com\/lv\/wp-json\/wp\/v2\/types\/product\/"}],"replies":[{"embeddable":true,"href":"https:\/\/www.xcelsiorselection.com\/lv\/wp-json\/wp\/v2\/comments\/?post=94653"}],"wp:featuredmedia":[{"embeddable":true,"href":"https:\/\/www.xcelsiorselection.com\/lv\/wp-json\/wp\/v2\/media\/94697\/"}],"wp:attachment":[{"href":"https:\/\/www.xcelsiorselection.com\/lv\/wp-json\/wp\/v2\/media\/?parent=94653"}],"curies":[{"name":"wp","href":"https:\/\/api.w.org\/{rel}","templated":true}]}}