

{"id":94743,"date":"2023-12-27T17:19:35","date_gmt":"2023-12-27T15:19:35","guid":{"rendered":"https:\/\/www.xcelsiorselection.com\/product\/delta-nil-candle\/"},"modified":"2023-12-28T12:31:48","modified_gmt":"2023-12-28T10:31:48","slug":"delta-nil-candle","status":"publish","type":"product","link":"https:\/\/www.xcelsiorselection.com\/lv\/product\/delta-nil-candle\/","title":{"rendered":"Delta Nil arom\u0101tisk\u0101 svece"},"content":{"rendered":"<p id=\"tw-target-text\" class=\"tw-data-text tw-text-large tw-ta\" dir=\"ltr\" data-placeholder=\"Translation\" data-ved=\"2ahUKEwjO7Mid5K-DAxUQJRAIHeMgDSEQ3ewLegQIBRAQ\"><span class=\"Y2IQFc\" lang=\"lv\">Ar rok\u0101m p\u016bstais Nil sveces stikls sav\u0101s kr\u0101s\u0101s godina Vidusj\u016bras zilo kr\u0101su; viet\u0101, kur N\u012blas upe beidz savu ce\u013cojumu. Papirusa ziedu, j\u016bras s\u0101ls un s\u016bnu ziedu arom\u0101ts iemieso svaigumu. Ku\u0123ojam lej\u0101 pa N\u012blu l\u012bdz t\u0101s deltai, kur Vidusj\u016bras s\u0101\u013cumu nes v\u0113j\u0161. Visa \u0161\u012b ce\u013cojuma laik\u0101, l\u0113ni l\u016bkojoties apk\u0101rt, krastos paman\u012bsiet sul\u012bgu augu valsti, kur za\u013c\u0101s z\u0101les un s\u016bnu smar\u017eas sajaucas ar \u016bdensaugiem un ziedo\u0161iem papirusiem. <\/span><\/p>\n<p class=\"tw-data-text tw-text-large tw-ta\" dir=\"ltr\" data-placeholder=\"Translation\" data-ved=\"2ahUKEwjO7Mid5K-DAxUQJRAIHeMgDSEQ3ewLegQIBRAQ\"><span class=\"Y2IQFc\" lang=\"lv\">Mode\u013ca specifik\u0101cija: Max16 \u2013 augstums: 16 cm, svars: 1 kg, paredzamais deg\u0161anas laiks: 150h, 4 daktis<\/span><\/p>\n","protected":false},"excerpt":{"rendered":"<p><img loading=\"lazy\" decoding=\"async\" class=\"alignnone wp-image-71172\" src=\"https:\/\/www.xcelsiorselection.com\/wp-content\/uploads\/2018\/12\/Baobab-logo-1.jpg\" alt=\"\" width=\"139\" height=\"156\" \/><br \/>\nRa\u017eot\u0101js: Baobab<br \/>\nSmar\u017ea: Sea Salt &#8211; Papyrus Flower &#8211; Moss<br \/>\nDimensijas: max16<\/p>\n","protected":false},"featured_media":94761,"comment_status":"closed","ping_status":"closed","template":"","meta":[],"_links":{"self":[{"href":"https:\/\/www.xcelsiorselection.com\/lv\/wp-json\/wp\/v2\/product\/94743\/"}],"collection":[{"href":"https:\/\/www.xcelsiorselection.com\/lv\/wp-json\/wp\/v2\/product\/"}],"about":[{"href":"https:\/\/www.xcelsiorselection.com\/lv\/wp-json\/wp\/v2\/types\/product\/"}],"replies":[{"embeddable":true,"href":"https:\/\/www.xcelsiorselection.com\/lv\/wp-json\/wp\/v2\/comments\/?post=94743"}],"wp:featuredmedia":[{"embeddable":true,"href":"https:\/\/www.xcelsiorselection.com\/lv\/wp-json\/wp\/v2\/media\/94761\/"}],"wp:attachment":[{"href":"https:\/\/www.xcelsiorselection.com\/lv\/wp-json\/wp\/v2\/media\/?parent=94743"}],"curies":[{"name":"wp","href":"https:\/\/api.w.org\/{rel}","templated":true}]}}