

{"id":94779,"date":"2023-12-27T17:51:17","date_gmt":"2023-12-27T15:51:17","guid":{"rendered":"https:\/\/www.xcelsiorselection.com\/product\/sacred-trees-morondo-candle\/"},"modified":"2023-12-28T12:34:55","modified_gmt":"2023-12-28T10:34:55","slug":"sacred-trees-morondo-candle","status":"publish","type":"product","link":"https:\/\/www.xcelsiorselection.com\/lv\/product\/sacred-trees-morondo-candle\/","title":{"rendered":"Sacred Trees Morondo arom\u0101tisk\u0101 svece"},"content":{"rendered":"<p id=\"tw-target-text\" class=\"tw-data-text tw-text-large tw-ta\" dir=\"ltr\" data-placeholder=\"Translation\" data-ved=\"2ahUKEwjO7Mid5K-DAxUQJRAIHeMgDSEQ3ewLegQIBRAQ\"><span class=\"Y2IQFc\" lang=\"lv\">Morondo arom\u0101tisk\u0101 svece ir izgatavota no stikla un to rot\u0101 Uniwax rad\u012bts dizains, kas atbilst tradicion\u0101lo \u0100frikas apdruku trad\u012bcij\u0101m. S\u0113pijas to\u0146a baobaba koks st\u0101v uz stikla ietvara k\u0101 sargs, kas zv\u0113r\u0113jis sarg\u0101t dabu no briesm\u0101m. Dzintara arom\u0101ts ar kan\u0113li, mandel\u0113m un ciedru piepild\u012bs j\u016bsu m\u0101ju ar pikant\u0101m not\u012bm, smalk\u0101 veid\u0101 aicinot atkl\u0101t \u0100friku. Morondo sveces arom\u0101ts rad\u012bs v\u0113lmi sajust \u0100frikas siltumu. Kan\u0113\u013ca un mande\u013cu notis pie\u0161\u0137ir arom\u0101tam gard\u0113\u017ea \u0161\u0137autni. Ciedra koks ietver koksnes\u00a0<\/span>notis, saska\u0146\u0101 ar \u0161\u012bs kolekcijas t\u0113mu, kuras galvenais m\u0113r\u0137is ir atg\u0101din\u0101t mums par nepiecie\u0161am\u012bbu aizsarg\u0101t m\u016bsu me\u017eus.<\/p>\n<p class=\"tw-data-text tw-text-large tw-ta\" dir=\"ltr\" data-placeholder=\"Translation\" data-ved=\"2ahUKEwjO7Mid5K-DAxUQJRAIHeMgDSEQ3ewLegQIBRAQ\">Mode\u013ca specifik\u0101cija: Max10 \u2013 augstums: 10 cm, svars: 0,5 kg, paredzamais deg\u0161anas laiks: 60h, 4 daktis<\/p>\n","protected":false},"excerpt":{"rendered":"<p><img loading=\"lazy\" decoding=\"async\" class=\"alignnone wp-image-71172\" src=\"https:\/\/www.xcelsiorselection.com\/wp-content\/uploads\/2018\/12\/Baobab-logo-1.jpg\" alt=\"\" width=\"139\" height=\"156\" \/><br \/>\nRa\u017eot\u0101js: Baobab<br \/>\nArom\u0101ts: Cinnamon &#8211; Almond &#8211; Texas Cedar Wood<br \/>\nDimensijas: max10<\/p>\n","protected":false},"featured_media":94781,"comment_status":"closed","ping_status":"closed","template":"","meta":[],"_links":{"self":[{"href":"https:\/\/www.xcelsiorselection.com\/lv\/wp-json\/wp\/v2\/product\/94779\/"}],"collection":[{"href":"https:\/\/www.xcelsiorselection.com\/lv\/wp-json\/wp\/v2\/product\/"}],"about":[{"href":"https:\/\/www.xcelsiorselection.com\/lv\/wp-json\/wp\/v2\/types\/product\/"}],"replies":[{"embeddable":true,"href":"https:\/\/www.xcelsiorselection.com\/lv\/wp-json\/wp\/v2\/comments\/?post=94779"}],"wp:featuredmedia":[{"embeddable":true,"href":"https:\/\/www.xcelsiorselection.com\/lv\/wp-json\/wp\/v2\/media\/94781\/"}],"wp:attachment":[{"href":"https:\/\/www.xcelsiorselection.com\/lv\/wp-json\/wp\/v2\/media\/?parent=94779"}],"curies":[{"name":"wp","href":"https:\/\/api.w.org\/{rel}","templated":true}]}}