

{"id":94944,"date":"2024-01-18T15:42:17","date_gmt":"2024-01-18T13:42:17","guid":{"rendered":"https:\/\/www.xcelsiorselection.com\/product\/hay-umbrella-canopy\/"},"modified":"2024-01-18T17:58:43","modified_gmt":"2024-01-18T15:58:43","slug":"hay-umbrella-canopy","status":"publish","type":"product","link":"https:\/\/www.xcelsiorselection.com\/lv\/product\/hay-umbrella-canopy\/","title":{"rendered":"Canopy lietussargs"},"content":{"rendered":"<p>HAY\u2019s Canopy lietussargs ir veidots no caursp\u012bd\u012bga POE materi\u0101la, ar melnu rokturi un st\u012bp\u0101m.<\/p>\n","protected":false},"excerpt":{"rendered":"<p><img loading=\"lazy\" decoding=\"async\" class=\"alignnone wp-image-92791\" src=\"https:\/\/www.xcelsiorselection.com\/wp-content\/uploads\/2022\/09\/haay-1173x600.png\" alt=\"\" width=\"111\" height=\"57\" srcset=\"https:\/\/www.xcelsiorselection.com\/wp-content\/uploads\/2022\/09\/haay-1173x600.png 1173w, https:\/\/www.xcelsiorselection.com\/wp-content\/uploads\/2022\/09\/haay-768x393.png 768w, https:\/\/www.xcelsiorselection.com\/wp-content\/uploads\/2022\/09\/haay-600x307.png 600w, https:\/\/www.xcelsiorselection.com\/wp-content\/uploads\/2022\/09\/haay.png 1179w\" sizes=\"(max-width: 111px) 100vw, 111px\" \/><\/p>\n<p>Kr\u0101sa: Caursp\u012bd\u012bgs<\/p>\n<p>Materi\u0101ls:\u00a0Poe materi\u0101ls, t\u0113rauds<\/p>\n<p>Dimensijas: \u00d887 X H81 c<\/p>\n","protected":false},"featured_media":94939,"comment_status":"closed","ping_status":"closed","template":"","meta":[],"_links":{"self":[{"href":"https:\/\/www.xcelsiorselection.com\/lv\/wp-json\/wp\/v2\/product\/94944\/"}],"collection":[{"href":"https:\/\/www.xcelsiorselection.com\/lv\/wp-json\/wp\/v2\/product\/"}],"about":[{"href":"https:\/\/www.xcelsiorselection.com\/lv\/wp-json\/wp\/v2\/types\/product\/"}],"replies":[{"embeddable":true,"href":"https:\/\/www.xcelsiorselection.com\/lv\/wp-json\/wp\/v2\/comments\/?post=94944"}],"wp:featuredmedia":[{"embeddable":true,"href":"https:\/\/www.xcelsiorselection.com\/lv\/wp-json\/wp\/v2\/media\/94939\/"}],"wp:attachment":[{"href":"https:\/\/www.xcelsiorselection.com\/lv\/wp-json\/wp\/v2\/media\/?parent=94944"}],"curies":[{"name":"wp","href":"https:\/\/api.w.org\/{rel}","templated":true}]}}