

{"id":94973,"date":"2024-01-18T16:32:08","date_gmt":"2024-01-18T14:32:08","guid":{"rendered":"https:\/\/www.xcelsiorselection.com\/product\/hay-tint-coupe-glass-set-of-2\/"},"modified":"2024-01-18T17:57:50","modified_gmt":"2024-01-18T15:57:50","slug":"hay-tint-coupe-glass-set-of-2","status":"publish","type":"product","link":"https:\/\/www.xcelsiorselection.com\/lv\/product\/hay-tint-coupe-glass-set-of-2\/","title":{"rendered":"TINT COUPE gl\u0101zes"},"content":{"rendered":"<p>Tint Coupe gl\u0101zes ir da\u013ca no Hay eleganto borsilik\u0101ta gl\u0101\u017eu kolekcijas. T\u0101s ir seklas un ar tievu k\u0101ti\u0146u, padarot t\u0101s piem\u0113rotas ne tikai \u0161ampanietim un koktei\u013ciem, bet ar\u012b saldajiem \u0113dieniem k\u0101 sald\u0113juma un aug\u013cu desertiem. Komplekt\u0101 ir 2 gl\u0101zes.<\/p>\n","protected":false},"excerpt":{"rendered":"<p><img loading=\"lazy\" decoding=\"async\" class=\"alignnone wp-image-92791\" src=\"https:\/\/www.xcelsiorselection.com\/wp-content\/uploads\/2022\/09\/haay-1173x600.png\" alt=\"\" width=\"111\" height=\"57\" srcset=\"https:\/\/www.xcelsiorselection.com\/wp-content\/uploads\/2022\/09\/haay-1173x600.png 1173w, https:\/\/www.xcelsiorselection.com\/wp-content\/uploads\/2022\/09\/haay-768x393.png 768w, https:\/\/www.xcelsiorselection.com\/wp-content\/uploads\/2022\/09\/haay-600x307.png 600w, https:\/\/www.xcelsiorselection.com\/wp-content\/uploads\/2022\/09\/haay.png 1179w\" sizes=\"(max-width: 111px) 100vw, 111px\" \/><\/p>\n<p>Kr\u0101sa: Roz\u0101<\/p>\n<p>Materi\u0101ls:\u00a0Borsilik\u0101ta stikls<\/p>\n<p>Dimensijas: 2 gl\u0101\u017eu komplekts |\u00a0<span class=\"fontstyle0\">\u00d89 x H12,5 cm<\/span><\/p>\n","protected":false},"featured_media":94965,"comment_status":"closed","ping_status":"closed","template":"","meta":[],"_links":{"self":[{"href":"https:\/\/www.xcelsiorselection.com\/lv\/wp-json\/wp\/v2\/product\/94973\/"}],"collection":[{"href":"https:\/\/www.xcelsiorselection.com\/lv\/wp-json\/wp\/v2\/product\/"}],"about":[{"href":"https:\/\/www.xcelsiorselection.com\/lv\/wp-json\/wp\/v2\/types\/product\/"}],"replies":[{"embeddable":true,"href":"https:\/\/www.xcelsiorselection.com\/lv\/wp-json\/wp\/v2\/comments\/?post=94973"}],"wp:featuredmedia":[{"embeddable":true,"href":"https:\/\/www.xcelsiorselection.com\/lv\/wp-json\/wp\/v2\/media\/94965\/"}],"wp:attachment":[{"href":"https:\/\/www.xcelsiorselection.com\/lv\/wp-json\/wp\/v2\/media\/?parent=94973"}],"curies":[{"name":"wp","href":"https:\/\/api.w.org\/{rel}","templated":true}]}}