

{"id":9968,"date":"2015-03-25T20:43:38","date_gmt":"2015-03-25T18:43:38","guid":{"rendered":"http:\/\/www.xcelsiorselection.com\/product\/mama-teddy-2\/"},"modified":"2015-03-26T12:18:24","modified_gmt":"2015-03-26T10:18:24","slug":"mama-teddy","status":"publish","type":"product","link":"https:\/\/www.xcelsiorselection.com\/lv\/product\/mama-teddy\/","title":{"rendered":"L\u0101\u010du mamma"},"content":{"rendered":"<div id=\"tab-description\">\n<p>N\u012bderlandes m\u0101ksliniece Anne-Claire Petit pied\u0101v\u0101 ar roku darin\u0101tas rota\u013clietas un aksesu\u0101rus, izpau\u017eot savu patieso m\u012blest\u012bbu tradicion\u0101lam amatnieku darbam.<\/p>\n<p>No organisk\u0101s kokvilnas tambor\u0113t\u0101 L\u0101\u010du mamma b\u016bs lieliska rota\u013clieta mazu\u013ciem un b\u0113rniem.<\/p>\n<p>Rota\u013clieta pieejama vair\u0101k\u0101s kr\u0101s\u0101s<\/p>\n<p>Materi\u0101ls: 100% organiska kokvilna<\/p>\n<\/div>\n","protected":false},"excerpt":{"rendered":"<p>Dizains: Anne-Claire Petit<br \/>\nIzm\u0113rs: 30x 50 cm<br \/>\nKr\u0101sa: \u0161okol\u0101de, str\u012bpaina, dabiska, sarkana<br \/>\nMateri\u0101ls: kokvilna. Roku darbs<\/p>\n","protected":false},"featured_media":0,"comment_status":"closed","ping_status":"closed","template":"","meta":[],"_links":{"self":[{"href":"https:\/\/www.xcelsiorselection.com\/lv\/wp-json\/wp\/v2\/product\/9968\/"}],"collection":[{"href":"https:\/\/www.xcelsiorselection.com\/lv\/wp-json\/wp\/v2\/product\/"}],"about":[{"href":"https:\/\/www.xcelsiorselection.com\/lv\/wp-json\/wp\/v2\/types\/product\/"}],"replies":[{"embeddable":true,"href":"https:\/\/www.xcelsiorselection.com\/lv\/wp-json\/wp\/v2\/comments\/?post=9968"}],"wp:attachment":[{"href":"https:\/\/www.xcelsiorselection.com\/lv\/wp-json\/wp\/v2\/media\/?parent=9968"}],"curies":[{"name":"wp","href":"https:\/\/api.w.org\/{rel}","templated":true}]}}